{"id":10655,"date":"2026-01-18T12:56:21","date_gmt":"2026-01-18T11:56:21","guid":{"rendered":"https:\/\/datageneral.co\/product\/data-general-wis-cloud-network-control\/"},"modified":"2026-01-18T12:56:21","modified_gmt":"2026-01-18T11:56:21","slug":"data-general-wis-cloud-network-control","status":"publish","type":"product","link":"https:\/\/datageneral.co\/es\/producto\/data-general-wis-cloud-network-control\/","title":{"rendered":"Data General WIS Cloud Network Control"},"content":{"rendered":"<p data-start=\"895\" data-end=\"1090\"><strong data-start=\"895\" data-end=\"937\">Data General WIS Cloud Network<\/strong> Control es un <strong data-start=\"943\" data-end=\"990\">servicio gratuito de gesti\u00f3n de red basado en la nube<\/strong> dise\u00f1ado para simplificar el despliegue, la monitorizaci\u00f3n y el control de la infraestructura de red de Data General.<\/p>\n<p data-start=\"1092\" data-end=\"1371\">El servicio proporciona una plataforma de gesti\u00f3n centralizada que permite a administradores, integradores y proveedores de servicios gestionar <strong data-start=\"1230\" data-end=\"1277\">Puntos de Acceso, Pasarelas y Dispositivos de Red<\/strong> compatibles desde una \u00fanica interfaz, sin necesidad de controladores locales ni hardware adicional.<\/p>\n<p data-start=\"1373\" data-end=\"1680\">WIS Cloud Network Control permite la provisi\u00f3n, configuraci\u00f3n y monitorizaci\u00f3n remota de redes, reduciendo la complejidad operativa y el tiempo de despliegue. Como servicio nativo en la nube, permite acceso seguro desde cualquier lugar, lo que lo hace ideal para <strong data-start=\"1609\" data-end=\"1679\">entornos multisitio, redes distribuidas y servicios gestionados<\/strong>. <\/p>\n<p data-start=\"1682\" data-end=\"1854\">El servicio se ofrece <strong data-start=\"1705\" data-end=\"1723\">de forma gratuita<\/strong> para los dispositivos Data General, proporcionando visibilidad y control esenciales de la red manteniendo una arquitectura simple y escalable.<\/p>\n<h4 data-start=\"2928\" data-end=\"2952\"><strong data-start=\"2931\" data-end=\"2952\">Casos de uso t\u00edpicos<\/strong><\/h4>\n<p data-start=\"2953\" data-end=\"3180\">\u2022 Gesti\u00f3n centralizada de m\u00faltiples sitios<br data-start=\"2995\" data-end=\"2998\">\u2022 Redes de peque\u00f1as y medianas empresas<br data-start=\"3034\" data-end=\"3037\">\u2022 Entornos de hosteler\u00eda y comercio minorista<br data-start=\"3074\" data-end=\"3077\">\u2022 Redes educativas<br data-start=\"3097\" data-end=\"3100\">\u2022 Proveedores de Servicios Gestionados (MSP \/ MSSP)<br data-start=\"3140\" data-end=\"3143\">\u2022 Administraci\u00f3n y soporte remoto<\/p>\n<div style=\"width: 800px;\" class=\"wp-video\"><video class=\"wp-video-shortcode\" id=\"video-10655-1\" width=\"800\" height=\"450\" preload=\"metadata\" controls=\"controls\"><source type=\"video\/mp4\" src=\"https:\/\/datageneral.co\/wp-content\/uploads\/2024\/09\/DG-WIS-Video-0411-youtube.mp4?_=1\" \/><a href=\"https:\/\/datageneral.co\/wp-content\/uploads\/2024\/09\/DG-WIS-Video-0411-youtube.mp4\">https:\/\/datageneral.co\/wp-content\/uploads\/2024\/09\/DG-WIS-Video-0411-youtube.mp4<\/a><\/video><\/div>\n","protected":false},"excerpt":{"rendered":"<p>Data General WIS Cloud es un servicio gratuito de control y gesti\u00f3n de redes en la nube para dispositivos de Data General, que permite la monitorizaci\u00f3n centralizada, la configuraci\u00f3n y la gesti\u00f3n del ciclo de vida.<\/p>\n","protected":false},"featured_media":10653,"template":"","meta":{"_acf_changed":false},"product_brand":[],"product_cat":[245],"product_tag":[297],"class_list":{"0":"post-10655","1":"product","2":"type-product","3":"status-publish","4":"has-post-thumbnail","6":"product_cat-control-de-red","7":"product_tag-hospitality","8":"_wholesalex wsx-wholesalex-product","10":"first","11":"instock","12":"taxable","13":"shipping-taxable","14":"purchasable","15":"product-type-simple"},"acf":[],"_links":{"self":[{"href":"https:\/\/datageneral.co\/es\/wp-json\/wp\/v2\/product\/10655","targetHints":{"allow":["GET"]}}],"collection":[{"href":"https:\/\/datageneral.co\/es\/wp-json\/wp\/v2\/product"}],"about":[{"href":"https:\/\/datageneral.co\/es\/wp-json\/wp\/v2\/types\/product"}],"wp:featuredmedia":[{"embeddable":true,"href":"https:\/\/datageneral.co\/es\/wp-json\/wp\/v2\/media\/10653"}],"wp:attachment":[{"href":"https:\/\/datageneral.co\/es\/wp-json\/wp\/v2\/media?parent=10655"}],"wp:term":[{"taxonomy":"product_brand","embeddable":true,"href":"https:\/\/datageneral.co\/es\/wp-json\/wp\/v2\/product_brand?post=10655"},{"taxonomy":"product_cat","embeddable":true,"href":"https:\/\/datageneral.co\/es\/wp-json\/wp\/v2\/product_cat?post=10655"},{"taxonomy":"product_tag","embeddable":true,"href":"https:\/\/datageneral.co\/es\/wp-json\/wp\/v2\/product_tag?post=10655"}],"curies":[{"name":"wp","href":"https:\/\/api.w.org\/{rel}","templated":true}]}}