{"id":10360,"date":"2026-01-02T20:13:15","date_gmt":"2026-01-02T19:13:15","guid":{"rendered":"https:\/\/datageneral.co\/product\/dg-25g-lr-sm1310-transceptor-monomodo-lr-sfp28-de-25-g-1310-nm-10-km\/"},"modified":"2026-01-02T20:13:15","modified_gmt":"2026-01-02T19:13:15","slug":"dg-25g-lr-sm1310-transceptor-monomodo-lr-sfp28-de-25-g-1310-nm-10-km","status":"publish","type":"product","link":"https:\/\/datageneral.co\/es\/producto\/dg-25g-lr-sm1310-transceptor-monomodo-lr-sfp28-de-25-g-1310-nm-10-km\/","title":{"rendered":"DG-25G-LR-SM1310 \u2013 Transceptor monomodo LR SFP28 de 25 G (1310 nm, 10 km)"},"content":{"rendered":"<p data-start=\"579\" data-end=\"917\">El Data General DG-25G-LR-SM1310 es un transceptor \u00f3ptico SFP28 de 25 Gbps y alto rendimiento, dise\u00f1ado para aplicaciones de fibra monomodo de largo alcance. Opera a una longitud de onda de 1310 nm mediante un transmisor l\u00e1ser DFB y un receptor de fotodiodo PIN, lo que permite distancias de transmisi\u00f3n de hasta 10 km a trav\u00e9s de fibra monomodo est\u00e1ndar (SMF). <\/p>\n<p data-start=\"919\" data-end=\"1362\">El m\u00f3dulo es compatible con IEEE 802.3cc 25GBASE-LR, SFP28 MSA, SFF-8431 y SFF-8432, lo que garantiza una amplia interoperabilidad con switches, routers, servidores y tarjetas de interfaz de red compatibles con 25G. Es compatible con la monitorizaci\u00f3n de diagn\u00f3stico digital (DDM) conforme a SFF-8472, lo que permite la monitorizaci\u00f3n en tiempo real de par\u00e1metros operativos clave como temperatura, tensi\u00f3n de alimentaci\u00f3n, corriente de polarizaci\u00f3n y potencia \u00f3ptica de transmisi\u00f3n y recepci\u00f3n. <\/p>\n<p data-start=\"1364\" data-end=\"1703\">Con un bajo consumo de energ\u00eda, una integridad de se\u00f1al avanzada y un factor de forma SFP28 conectable en caliente, el DG-25G-LR-SM1310 es ideal para interconexiones de centros de datos, redes troncales de campus, fronthaul m\u00f3vil (CPRI) y redes empresariales de alta velocidad que requieren conectividad 25G estable y eficiente en largas distancias.<\/p>\n","protected":false},"excerpt":{"rendered":"<p>Data General DG-25G-LR-SM1310 es un transceptor de fibra monomodo SFP28 de 25G para enlaces Ethernet de 25 Gigabit de largo alcance. Admite hasta 10 km sobre SMF a 1310 nm, compatible con IEEE 802.3cc 25GBASE-LR. <\/p>\n","protected":false},"featured_media":10359,"template":"","meta":{"_acf_changed":false},"product_brand":[],"product_cat":[246,295],"product_tag":[],"class_list":{"0":"post-10360","1":"product","2":"type-product","3":"status-publish","4":"has-post-thumbnail","6":"product_cat-infraestructura-de-red","7":"product_cat-transceptopres-opticos","8":"_wholesalex wsx-wholesalex-product","10":"first","11":"instock","12":"taxable","13":"shipping-taxable","14":"purchasable","15":"product-type-simple"},"acf":[],"_links":{"self":[{"href":"https:\/\/datageneral.co\/es\/wp-json\/wp\/v2\/product\/10360","targetHints":{"allow":["GET"]}}],"collection":[{"href":"https:\/\/datageneral.co\/es\/wp-json\/wp\/v2\/product"}],"about":[{"href":"https:\/\/datageneral.co\/es\/wp-json\/wp\/v2\/types\/product"}],"wp:featuredmedia":[{"embeddable":true,"href":"https:\/\/datageneral.co\/es\/wp-json\/wp\/v2\/media\/10359"}],"wp:attachment":[{"href":"https:\/\/datageneral.co\/es\/wp-json\/wp\/v2\/media?parent=10360"}],"wp:term":[{"taxonomy":"product_brand","embeddable":true,"href":"https:\/\/datageneral.co\/es\/wp-json\/wp\/v2\/product_brand?post=10360"},{"taxonomy":"product_cat","embeddable":true,"href":"https:\/\/datageneral.co\/es\/wp-json\/wp\/v2\/product_cat?post=10360"},{"taxonomy":"product_tag","embeddable":true,"href":"https:\/\/datageneral.co\/es\/wp-json\/wp\/v2\/product_tag?post=10360"}],"curies":[{"name":"wp","href":"https:\/\/api.w.org\/{rel}","templated":true}]}}