{"id":10356,"date":"2026-01-02T20:25:33","date_gmt":"2026-01-02T19:25:33","guid":{"rendered":"https:\/\/datageneral.co\/product\/dg-40g-lr-sm1310-transceptor-monomodo-lr4-qsfp-de-40-g-1310-nm-2-km\/"},"modified":"2026-01-02T20:25:33","modified_gmt":"2026-01-02T19:25:33","slug":"dg-40g-lr-sm1310-transceptor-monomodo-lr4-qsfp-de-40-g-1310-nm-2-km","status":"publish","type":"product","link":"https:\/\/datageneral.co\/es\/producto\/dg-40g-lr-sm1310-transceptor-monomodo-lr4-qsfp-de-40-g-1310-nm-2-km\/","title":{"rendered":"DG-40G-LR-SM1310 \u2013 Transceptor monomodo LR4 QSFP+ de 40 G (1310 nm, 2 km)"},"content":{"rendered":"<p data-start=\"614\" data-end=\"969\">El Data General DG-40G-LR-SM1310 es un transceptor \u00f3ptico QSFP+ de 40 Gbps de alto rendimiento, dise\u00f1ado para aplicaciones de fibra monomodo de largo alcance. Opera con cuatro longitudes de onda CWDM (1271, 1291, 1311 y 1331 nm) multiplexadas en una \u00fanica se\u00f1al \u00f3ptica, lo que permite una transmisi\u00f3n fiable de 40 G hasta 2 km a trav\u00e9s de fibra monomodo est\u00e1ndar (SMF). <\/p>\n<p data-start=\"971\" data-end=\"1282\">Compatible con IEEE 802.3ba 40GBASE-IR4, QSFP+ MSA y SFF-8436, este m\u00f3dulo garantiza una amplia interoperabilidad con swicthes, routers y equipos de centros de datos compatibles con 40G. En la recepci\u00f3n, la se\u00f1al \u00f3ptica se demultiplexa en cuatro canales, cada uno de los cuales se convierte en flujos de datos el\u00e9ctricos. <\/p>\n<p data-start=\"1284\" data-end=\"1812\">482<br \/>El m\u00f3dulo admite Monitoreo de Diagn\u00f3stico Digital (DDM) mediante una interfaz serie de 2 hilos, lo que permite monitorizar en tiempo real la temperatura, la tensi\u00f3n de alimentaci\u00f3n, la corriente de polarizaci\u00f3n y la potencia \u00f3ptica de transmisi\u00f3n y recepci\u00f3n. Con un factor de forma QSFP+ conectable en caliente, bajo consumo de energ\u00eda y un s\u00f3lido rendimiento EMI, el DG-40G-LR-SM1310 es una soluci\u00f3n ideal para interconexiones de centros de datos, redes troncales empresariales y redes de campus de alta velocidad que requieren conectividad estable de 40G sobre fibra monomodo. <\/p>\n","protected":false},"excerpt":{"rendered":"<p>Data General DG-40G-LR-SM1310 es un transceptor de fibra monomodo QSFP+ de 40G para enlaces Ethernet de 40 Gigabit de largo alcance. Admite hasta 2 km sobre SMF utilizando longitudes de onda CWDM de alrededor de 1310 nm, compatible con IEEE 802.3ba 40GBASE-LR4\/IR4. <\/p>\n","protected":false},"featured_media":10344,"template":"","meta":{"_acf_changed":false},"product_brand":[],"product_cat":[246,295],"product_tag":[],"class_list":{"0":"post-10356","1":"product","2":"type-product","3":"status-publish","4":"has-post-thumbnail","6":"product_cat-infraestructura-de-red","7":"product_cat-transceptopres-opticos","8":"_wholesalex wsx-wholesalex-product","10":"first","11":"instock","12":"taxable","13":"shipping-taxable","14":"purchasable","15":"product-type-simple"},"acf":[],"_links":{"self":[{"href":"https:\/\/datageneral.co\/es\/wp-json\/wp\/v2\/product\/10356","targetHints":{"allow":["GET"]}}],"collection":[{"href":"https:\/\/datageneral.co\/es\/wp-json\/wp\/v2\/product"}],"about":[{"href":"https:\/\/datageneral.co\/es\/wp-json\/wp\/v2\/types\/product"}],"wp:featuredmedia":[{"embeddable":true,"href":"https:\/\/datageneral.co\/es\/wp-json\/wp\/v2\/media\/10344"}],"wp:attachment":[{"href":"https:\/\/datageneral.co\/es\/wp-json\/wp\/v2\/media?parent=10356"}],"wp:term":[{"taxonomy":"product_brand","embeddable":true,"href":"https:\/\/datageneral.co\/es\/wp-json\/wp\/v2\/product_brand?post=10356"},{"taxonomy":"product_cat","embeddable":true,"href":"https:\/\/datageneral.co\/es\/wp-json\/wp\/v2\/product_cat?post=10356"},{"taxonomy":"product_tag","embeddable":true,"href":"https:\/\/datageneral.co\/es\/wp-json\/wp\/v2\/product_tag?post=10356"}],"curies":[{"name":"wp","href":"https:\/\/api.w.org\/{rel}","templated":true}]}}