{"id":10342,"date":"2026-01-02T19:49:38","date_gmt":"2026-01-02T18:49:38","guid":{"rendered":"https:\/\/datageneral.co\/product\/dg-10g-lr-sm1310-transceptor-sfp-lr-de-10g-monomodo-1310-nm-10-km\/"},"modified":"2026-01-02T19:49:38","modified_gmt":"2026-01-02T18:49:38","slug":"dg-10g-lr-sm1310-transceptor-sfp-lr-de-10g-monomodo-1310-nm-10-km","status":"publish","type":"product","link":"https:\/\/datageneral.co\/es\/producto\/dg-10g-lr-sm1310-transceptor-sfp-lr-de-10g-monomodo-1310-nm-10-km\/","title":{"rendered":"DG-10G-LR-SM1310 \u2013 Transceptor SFP+ LR de 10G monomodo (1310 nm, 10 km)"},"content":{"rendered":"<p data-start=\"624\" data-end=\"980\">El DG-10G-LR-SM1310 es un transceptor \u00f3ptico SFP+ de 10 Gbps compacto y fiable dise\u00f1ado para conexiones de fibra monomodo de largo alcance. Operando a una longitud de onda de 1310 nm con un transmisor l\u00e1ser DFB de alto rendimiento y un receptor de fotodiodo PIN, admite distancias de transmisi\u00f3n de hasta 10 km sobre fibra monomodo est\u00e1ndar (SMF). <\/p>\n<p data-start=\"982\" data-end=\"1409\">El m\u00f3dulo cumple totalmente con IEEE 802.3ae 10GBASE-LR, SFF-8431, SFF-8432 y el Acuerdo Multi-Source (MSA) SFP+, lo que garantiza una amplia interoperabilidad con switches, routers y equipos de centros de datos empresariales. Es compatible con la monitorizaci\u00f3n de diagn\u00f3stico digital (DDM) seg\u00fan SFF-8472, lo que permite la monitorizaci\u00f3n en tiempo real de la temperatura, la tensi\u00f3n de alimentaci\u00f3n, la corriente de polarizaci\u00f3n y la potencia \u00f3ptica de transmisi\u00f3n y recepci\u00f3n. <\/p>\n<p data-start=\"1411\" data-end=\"1713\">Con un bajo consumo de energ\u00eda, una carcasa totalmente met\u00e1lica para un rendimiento EMI superior y un factor de forma SFP+ conectable en caliente, el DG-10G-LR-SM1310 es ideal para backbones de campus, centros de datos y enlaces de fibra punto a punto que requieren una conectividad estable y eficiente de 10 Gigabit.<\/p>\n","protected":false},"excerpt":{"rendered":"<p>Transceptor de fibra monomodo SFP+ de 10G para enlaces Ethernet de 10 Gigabit de largo alcance. Admite hasta 10 km sobre SMF a 1310 nm, compatible con los est\u00e1ndares IEEE 802.3ae 10GBASE-LR y SFP+ MSA. <\/p>\n","protected":false},"featured_media":10339,"template":"","meta":{"_acf_changed":false},"product_brand":[],"product_cat":[246,295],"product_tag":[],"class_list":{"0":"post-10342","1":"product","2":"type-product","3":"status-publish","4":"has-post-thumbnail","6":"product_cat-infraestructura-de-red","7":"product_cat-transceptopres-opticos","8":"_wholesalex wsx-wholesalex-product","10":"first","11":"instock","12":"taxable","13":"shipping-taxable","14":"purchasable","15":"product-type-simple"},"acf":[],"_links":{"self":[{"href":"https:\/\/datageneral.co\/es\/wp-json\/wp\/v2\/product\/10342","targetHints":{"allow":["GET"]}}],"collection":[{"href":"https:\/\/datageneral.co\/es\/wp-json\/wp\/v2\/product"}],"about":[{"href":"https:\/\/datageneral.co\/es\/wp-json\/wp\/v2\/types\/product"}],"wp:featuredmedia":[{"embeddable":true,"href":"https:\/\/datageneral.co\/es\/wp-json\/wp\/v2\/media\/10339"}],"wp:attachment":[{"href":"https:\/\/datageneral.co\/es\/wp-json\/wp\/v2\/media?parent=10342"}],"wp:term":[{"taxonomy":"product_brand","embeddable":true,"href":"https:\/\/datageneral.co\/es\/wp-json\/wp\/v2\/product_brand?post=10342"},{"taxonomy":"product_cat","embeddable":true,"href":"https:\/\/datageneral.co\/es\/wp-json\/wp\/v2\/product_cat?post=10342"},{"taxonomy":"product_tag","embeddable":true,"href":"https:\/\/datageneral.co\/es\/wp-json\/wp\/v2\/product_tag?post=10342"}],"curies":[{"name":"wp","href":"https:\/\/api.w.org\/{rel}","templated":true}]}}