{"id":10338,"date":"2026-01-02T19:37:06","date_gmt":"2026-01-02T18:37:06","guid":{"rendered":"https:\/\/datageneral.co\/product\/dg-1g-lx-sm1310-transceptor-sfp-lx-monomodo-de-1g-1310-nm-20-km\/"},"modified":"2026-01-02T19:37:06","modified_gmt":"2026-01-02T18:37:06","slug":"dg-1g-lx-sm1310-transceptor-sfp-lx-monomodo-de-1g-1310-nm-20-km","status":"publish","type":"product","link":"https:\/\/datageneral.co\/es\/producto\/dg-1g-lx-sm1310-transceptor-sfp-lx-monomodo-de-1g-1310-nm-20-km\/","title":{"rendered":"DG-1G-LX-SM1310 \u2013 Transceptor SFP LX monomodo de 1G (1310 nm, 20 km)"},"content":{"rendered":"<p data-start=\"677\" data-end=\"993\">El DG-1G-LX-SM1310 es un transceptor \u00f3ptico SFP de 1,25 Gbps de alto rendimiento dise\u00f1ado para conexiones de fibra monomodo de largo alcance. Operando a una longitud de onda de 1310 nm utilizando un transmisor l\u00e1ser FP y un receptor de fotodiodo PIN, admite distancias de transmisi\u00f3n de hasta 20 km sobre SMF est\u00e1ndar. <\/p>\n<p data-start=\"995\" data-end=\"1355\">El m\u00f3dulo cumple con el Acuerdo Multi-Fuente (MSA) SFP y SFF-8472, lo que garantiza una amplia interoperabilidad con conmutadores, enrutadores, servidores y tarjetas de interfaz de red empresariales. Admite la monitorizaci\u00f3n de diagn\u00f3stico digital (DDM), lo que permite la monitorizaci\u00f3n en tiempo real de la temperatura, el voltaje de alimentaci\u00f3n, la corriente de polarizaci\u00f3n y la potencia \u00f3ptica de transmisi\u00f3n y recepci\u00f3n. <\/p>\n<p data-start=\"1357\" data-end=\"1639\">Dise\u00f1ado para la fiabilidad y el funcionamiento continuo, el DG-1G-LX-SM1310 es ideal para redes empresariales, redes centrales de campus, centros de datos y enlaces de fibra punto a punto que requieren una conectividad Gigabit estable y eficiente a distancias extendidas.<\/p>\n","protected":false},"excerpt":{"rendered":"<p>Transceptor de fibra monomodo SFP de 1G para enlaces Gigabit Ethernet de largo alcance. Admite hasta 20 km sobre SMF a 1310 nm, totalmente compatible con SFP MSA y SFF-8472. <\/p>\n","protected":false},"featured_media":10337,"template":"","meta":{"_acf_changed":false},"product_brand":[],"product_cat":[246,295],"product_tag":[],"class_list":{"0":"post-10338","1":"product","2":"type-product","3":"status-publish","4":"has-post-thumbnail","6":"product_cat-infraestructura-de-red","7":"product_cat-transceptopres-opticos","8":"_wholesalex wsx-wholesalex-product","10":"first","11":"instock","12":"taxable","13":"shipping-taxable","14":"purchasable","15":"product-type-simple"},"acf":[],"_links":{"self":[{"href":"https:\/\/datageneral.co\/es\/wp-json\/wp\/v2\/product\/10338","targetHints":{"allow":["GET"]}}],"collection":[{"href":"https:\/\/datageneral.co\/es\/wp-json\/wp\/v2\/product"}],"about":[{"href":"https:\/\/datageneral.co\/es\/wp-json\/wp\/v2\/types\/product"}],"wp:featuredmedia":[{"embeddable":true,"href":"https:\/\/datageneral.co\/es\/wp-json\/wp\/v2\/media\/10337"}],"wp:attachment":[{"href":"https:\/\/datageneral.co\/es\/wp-json\/wp\/v2\/media?parent=10338"}],"wp:term":[{"taxonomy":"product_brand","embeddable":true,"href":"https:\/\/datageneral.co\/es\/wp-json\/wp\/v2\/product_brand?post=10338"},{"taxonomy":"product_cat","embeddable":true,"href":"https:\/\/datageneral.co\/es\/wp-json\/wp\/v2\/product_cat?post=10338"},{"taxonomy":"product_tag","embeddable":true,"href":"https:\/\/datageneral.co\/es\/wp-json\/wp\/v2\/product_tag?post=10338"}],"curies":[{"name":"wp","href":"https:\/\/api.w.org\/{rel}","templated":true}]}}