{"id":10316,"date":"2026-01-03T13:59:43","date_gmt":"2026-01-03T12:59:43","guid":{"rendered":"https:\/\/datageneral.co\/product\/dg-10g-aoc-cable-optico-activo-aoc-sfp-de-10g\/"},"modified":"2026-01-03T13:59:43","modified_gmt":"2026-01-03T12:59:43","slug":"dg-10g-aoc-cable-optico-activo-aoc-sfp-de-10g","status":"publish","type":"product","link":"https:\/\/datageneral.co\/es\/producto\/dg-10g-aoc-cable-optico-activo-aoc-sfp-de-10g\/","title":{"rendered":"DG-10G-AOC \u2013 Cable \u00f3ptico activo (AOC) SFP+ de 10G"},"content":{"rendered":"<p data-start=\"649\" data-end=\"1002\">El DG-10G-AOC es un cable \u00f3ptico activo (AOC) SFP+ de 10G dise\u00f1ado para la transmisi\u00f3n de datos de alta velocidad y corta distancia en centros de datos y entornos de redes empresariales. Integra transceptores SFP+ conectados permanentemente a un cable de fibra \u00f3ptica multimodo, proporcionando una soluci\u00f3n simple y plug-and-play para la conectividad Ethernet de 10 Gigabit. <\/p>\n<p data-start=\"1004\" data-end=\"1338\">Al admitir velocidades de datos desde 1 Gbps hasta 11,3 Gbps, este AOC es totalmente compatible con aplicaciones de Ethernet 10G, Ethernet 1G, Fibre Channel 8G \/ 4G \/ 2G \/ 1G e InfiniBand (SDR \/ DDR \/ QDR). Su factor de forma SFP+ conectable en caliente garantiza una instalaci\u00f3n perfecta y un uso flexible de los puertos sin interrupci\u00f3n del servicio. <\/p>\n<p data-start=\"1340\" data-end=\"1635\">El DG-10G-AOC funciona sobre fibra multimodo (OM2 u OM3) y est\u00e1 optimizado para conexiones dentro del rack y entre racks cortos, ofreciendo un menor consumo de energ\u00eda, una latencia reducida y una integridad de se\u00f1al mejorada en comparaci\u00f3n con los cables DAC de cobre tradicionales.<\/p>\n","protected":false},"excerpt":{"rendered":"<p>Cable \u00f3ptico activo (AOC) SFP+ de 10G con una longitud de 1 metro, dise\u00f1ado para conexiones Ethernet de 10 Gigabit de corto alcance. Ideal para conectividad dentro del rack y en racks adyacentes con bajo consumo de energ\u00eda y alta fiabilidad. <\/p>\n","protected":false},"featured_media":10315,"template":"","meta":{"_acf_changed":false},"product_brand":[],"product_cat":[291,246],"product_tag":[],"class_list":{"0":"post-10316","1":"product","2":"type-product","3":"status-publish","4":"has-post-thumbnail","6":"product_cat-active-optical-cables-aoc","7":"product_cat-infraestructura-de-red","8":"_wholesalex wsx-wholesalex-product","10":"first","11":"outofstock","12":"taxable","13":"shipping-taxable","14":"purchasable","15":"product-type-variable","16":"has-default-attributes"},"acf":[],"_links":{"self":[{"href":"https:\/\/datageneral.co\/es\/wp-json\/wp\/v2\/product\/10316","targetHints":{"allow":["GET"]}}],"collection":[{"href":"https:\/\/datageneral.co\/es\/wp-json\/wp\/v2\/product"}],"about":[{"href":"https:\/\/datageneral.co\/es\/wp-json\/wp\/v2\/types\/product"}],"wp:featuredmedia":[{"embeddable":true,"href":"https:\/\/datageneral.co\/es\/wp-json\/wp\/v2\/media\/10315"}],"wp:attachment":[{"href":"https:\/\/datageneral.co\/es\/wp-json\/wp\/v2\/media?parent=10316"}],"wp:term":[{"taxonomy":"product_brand","embeddable":true,"href":"https:\/\/datageneral.co\/es\/wp-json\/wp\/v2\/product_brand?post=10316"},{"taxonomy":"product_cat","embeddable":true,"href":"https:\/\/datageneral.co\/es\/wp-json\/wp\/v2\/product_cat?post=10316"},{"taxonomy":"product_tag","embeddable":true,"href":"https:\/\/datageneral.co\/es\/wp-json\/wp\/v2\/product_tag?post=10316"}],"curies":[{"name":"wp","href":"https:\/\/api.w.org\/{rel}","templated":true}]}}