{"id":10306,"date":"2026-01-03T18:21:42","date_gmt":"2026-01-03T17:21:42","guid":{"rendered":"https:\/\/datageneral.co\/product\/dg-40g-4x10g-aoc-cable-optico-activo-de-conexion-de-40g-qsfp-a-4x10g-sfp\/"},"modified":"2026-01-03T18:21:42","modified_gmt":"2026-01-03T17:21:42","slug":"dg-40g-4x10g-aoc-cable-optico-activo-de-conexion-de-40g-qsfp-a-4x10g-sfp","status":"publish","type":"product","link":"https:\/\/datageneral.co\/es\/producto\/dg-40g-4x10g-aoc-cable-optico-activo-de-conexion-de-40g-qsfp-a-4x10g-sfp\/","title":{"rendered":"DG-40G-4x10G-AOC \u2013 Cable \u00f3ptico activo de conexi\u00f3n de 40G QSFP+ a 4\u00d710G SFP+"},"content":{"rendered":"<p data-start=\"559\" data-end=\"896\">El DG-40G-AOC es un cable \u00f3ptico activo (AOC) QSFP+ de 40G de alto rendimiento dise\u00f1ado para una conectividad fiable y de baja latencia en centros de datos y redes empresariales. Integra transceptores QSFP+ conectados permanentemente a un cable de fibra multimodo, lo que ofrece una alternativa \u00abplug-and-play\u00bb a la \u00f3ptica discreta y a los cables de conexi\u00f3n de fibra. <\/p>\n<p data-start=\"898\" data-end=\"1286\">Construido sobre cuatro carriles d\u00faplex completos, cada uno de los cuales admite hasta 11,3 Gbps, el DG-40G-AOC proporciona un ancho de banda agregado de 40G, manteniendo al mismo tiempo un consumo de energ\u00eda muy bajo (&lt;1,5 W). Es compatible con una amplia gama de protocolos, incluidos 40G Ethernet, InfiniBand (SDR\/DDR\/QDR) y Fibre Channel (4G\/8G\/10G), lo que garantiza una amplia interoperabilidad en las plataformas de conmutaci\u00f3n modernas. <\/p>\n<p data-start=\"1288\" data-end=\"1614\">Cumple con QSFP+ MSA e IEEE 802.3ba, y cuenta con un factor de forma QSFP+ conectable en caliente, el DG-40G-AOC es ideal para conexiones en rack e inter-rack, reduciendo las EMI en comparaci\u00f3n con los DAC de cobre, al tiempo que ofrece un mayor alcance y una mejor integridad de la se\u00f1al sobre fibra multimodo.<\/p>\n","protected":false},"excerpt":{"rendered":"<p>Cable \u00f3ptico activo de conexi\u00f3n de 40G QSFP+ a 4\u00d710G SFP+ para aplicaciones de distribuci\u00f3n de conmutadores de alta densidad. Soluci\u00f3n de bajo consumo y conectable en caliente sobre fibra multimodo para entornos de centros de datos. <\/p>\n","protected":false},"featured_media":10305,"template":"","meta":{"_acf_changed":false},"product_brand":[],"product_cat":[291,246],"product_tag":[],"class_list":{"0":"post-10306","1":"product","2":"type-product","3":"status-publish","4":"has-post-thumbnail","6":"product_cat-active-optical-cables-aoc","7":"product_cat-infraestructura-de-red","8":"_wholesalex wsx-wholesalex-product","10":"first","11":"instock","12":"taxable","13":"shipping-taxable","14":"purchasable","15":"product-type-variable","16":"has-default-attributes"},"acf":[],"_links":{"self":[{"href":"https:\/\/datageneral.co\/es\/wp-json\/wp\/v2\/product\/10306","targetHints":{"allow":["GET"]}}],"collection":[{"href":"https:\/\/datageneral.co\/es\/wp-json\/wp\/v2\/product"}],"about":[{"href":"https:\/\/datageneral.co\/es\/wp-json\/wp\/v2\/types\/product"}],"wp:featuredmedia":[{"embeddable":true,"href":"https:\/\/datageneral.co\/es\/wp-json\/wp\/v2\/media\/10305"}],"wp:attachment":[{"href":"https:\/\/datageneral.co\/es\/wp-json\/wp\/v2\/media?parent=10306"}],"wp:term":[{"taxonomy":"product_brand","embeddable":true,"href":"https:\/\/datageneral.co\/es\/wp-json\/wp\/v2\/product_brand?post=10306"},{"taxonomy":"product_cat","embeddable":true,"href":"https:\/\/datageneral.co\/es\/wp-json\/wp\/v2\/product_cat?post=10306"},{"taxonomy":"product_tag","embeddable":true,"href":"https:\/\/datageneral.co\/es\/wp-json\/wp\/v2\/product_tag?post=10306"}],"curies":[{"name":"wp","href":"https:\/\/api.w.org\/{rel}","templated":true}]}}