{"id":10300,"date":"2026-01-03T18:35:25","date_gmt":"2026-01-03T17:35:25","guid":{"rendered":"https:\/\/datageneral.co\/product\/data-general-dg-1g-dac-cable-de-cobre-de-conexion-directa-pasiva-sfp-de-1g\/"},"modified":"2026-01-17T07:58:42","modified_gmt":"2026-01-17T06:58:42","slug":"data-general-dg-1g-dac-cable-de-cobre-de-conexion-directa-pasiva-sfp-de-1g","status":"publish","type":"product","link":"https:\/\/datageneral.co\/es\/producto\/data-general-dg-1g-dac-cable-de-cobre-de-conexion-directa-pasiva-sfp-de-1g\/","title":{"rendered":"Data General DG-1G-DAC \u2013 Cable de cobre de conexi\u00f3n directa pasiva SFP de 1G"},"content":{"rendered":"<p data-start=\"678\" data-end=\"895\">El Data General DG-1G-DAC es un cable de cobre (DAC) de conexi\u00f3n directa pasiva SFP de 1G de alto rendimiento dise\u00f1ado para una conectividad fiable de corta distancia entre conmutadores, routers, servidores y equipos de almacenamiento.<\/p>\n<p data-start=\"897\" data-end=\"1121\">Esta soluci\u00f3n pasiva permite una latencia ultrabaja y un consumo de energ\u00eda reducido, lo que la hace ideal para arquitecturas de red de alta densidad, como implementaciones Top-of-Rack (ToR), End-of-Row (EoR) y Middle-of-Row (MoR).<\/p>\n<p data-start=\"1123\" data-end=\"1459\">A diferencia de las soluciones \u00f3pticas activas, el DG-1G-DAC no integra electr\u00f3nica de acondicionamiento de se\u00f1al, lo que da como resultado una interconexi\u00f3n simple, robusta y econ\u00f3mica. Cumple totalmente con los est\u00e1ndares SFP MSA y es el\u00e9ctricamente compatible con SFF-8431, lo que garantiza una interoperabilidad perfecta con el hardware de Data General y las principales plataformas de red.<\/p>\n<p data-start=\"1461\" data-end=\"1617\">El cable est\u00e1 disponible en varias longitudes y calibres de cable, lo que permite una instalaci\u00f3n flexible al tiempo que mantiene una excelente integridad de la se\u00f1al y un rendimiento EMI.<\/p>\n","protected":false},"excerpt":{"rendered":"<p>El Data General DG-1G-DAC es un cable twinax de cobre pasivo SFP de 1 Gbps rentable dise\u00f1ado para conexiones de corto alcance y alta densidad entre dispositivos de red en centros de datos y entornos empresariales.<\/p>\n","protected":false},"featured_media":10299,"template":"","meta":{"_acf_changed":false},"product_brand":[],"product_cat":[292,246],"product_tag":[],"class_list":{"0":"post-10300","1":"product","2":"type-product","3":"status-publish","4":"has-post-thumbnail","6":"product_cat-direct-attach-cables-dac","7":"product_cat-infraestructura-de-red","8":"_wholesalex wsx-wholesalex-product","10":"first","11":"instock","12":"taxable","13":"shipping-taxable","14":"purchasable","15":"product-type-variable","16":"has-default-attributes"},"acf":[],"_links":{"self":[{"href":"https:\/\/datageneral.co\/es\/wp-json\/wp\/v2\/product\/10300","targetHints":{"allow":["GET"]}}],"collection":[{"href":"https:\/\/datageneral.co\/es\/wp-json\/wp\/v2\/product"}],"about":[{"href":"https:\/\/datageneral.co\/es\/wp-json\/wp\/v2\/types\/product"}],"wp:featuredmedia":[{"embeddable":true,"href":"https:\/\/datageneral.co\/es\/wp-json\/wp\/v2\/media\/10299"}],"wp:attachment":[{"href":"https:\/\/datageneral.co\/es\/wp-json\/wp\/v2\/media?parent=10300"}],"wp:term":[{"taxonomy":"product_brand","embeddable":true,"href":"https:\/\/datageneral.co\/es\/wp-json\/wp\/v2\/product_brand?post=10300"},{"taxonomy":"product_cat","embeddable":true,"href":"https:\/\/datageneral.co\/es\/wp-json\/wp\/v2\/product_cat?post=10300"},{"taxonomy":"product_tag","embeddable":true,"href":"https:\/\/datageneral.co\/es\/wp-json\/wp\/v2\/product_tag?post=10300"}],"curies":[{"name":"wp","href":"https:\/\/api.w.org\/{rel}","templated":true}]}}