{"id":10296,"date":"2026-01-03T18:55:17","date_gmt":"2026-01-03T17:55:17","guid":{"rendered":"https:\/\/datageneral.co\/product\/data-general-dg-10g-dac-cable-de-cobre-de-conexion-directa-pasiva-sfp-de-10g\/"},"modified":"2026-01-03T18:55:17","modified_gmt":"2026-01-03T17:55:17","slug":"data-general-dg-10g-dac-cable-de-cobre-de-conexion-directa-pasiva-sfp-de-10g","status":"publish","type":"product","link":"https:\/\/datageneral.co\/es\/producto\/data-general-dg-10g-dac-cable-de-cobre-de-conexion-directa-pasiva-sfp-de-10g\/","title":{"rendered":"Data General DG-10G-DAC \u2013 Cable de cobre de conexi\u00f3n directa pasiva SFP+ de 10G"},"content":{"rendered":"<p data-start=\"652\" data-end=\"909\">El Data General DG-10G-DAC es un cable de cobre de conexi\u00f3n directa pasiva (DAC) SFP+ de 10G de alto rendimiento dise\u00f1ado para interconexiones fiables de corta distancia y baja latencia entre dispositivos de red como conmutadores, enrutadores, servidores y sistemas de almacenamiento.<\/p>\n<p data-start=\"911\" data-end=\"1315\">Esta soluci\u00f3n twinax pasiva admite velocidades de datos multigigabit de hasta 10,5 Gbps, lo que la hace adecuada para aplicaciones Ethernet 10G, Fibre Channel 10G e InfiniBand (SDR\/DDR\/QDR). Como cable pasivo, no contiene electr\u00f3nica de acondicionamiento de se\u00f1al, lo que resulta en un consumo de energ\u00eda ultrabajo y una alternativa rentable a los transceptores \u00f3pticos o los cables \u00f3pticos activos (AOC). <\/p>\n<p data-start=\"1317\" data-end=\"1617\">Totalmente compatible con las especificaciones SFP+ MSA y SFF-8431, el DG-10G-DAC garantiza una amplia interoperabilidad y est\u00e1 optimizado para entornos de centros de datos de alta densidad, incluidas las arquitecturas Top-of-Rack (ToR), End-of-Row (EoR) y Middle-of-Row (MoR).<\/p>\n","protected":false},"excerpt":{"rendered":"<p>Cable de cobre de conexi\u00f3n directa pasiva (DAC) SFP+ de 10G dise\u00f1ado para conexiones Ethernet de 10 Gigabit de corto alcance y alta densidad en centros de datos y redes empresariales.<\/p>\n","protected":false},"featured_media":10295,"template":"","meta":{"_acf_changed":false},"product_brand":[],"product_cat":[292,246],"product_tag":[],"class_list":{"0":"post-10296","1":"product","2":"type-product","3":"status-publish","4":"has-post-thumbnail","6":"product_cat-direct-attach-cables-dac","7":"product_cat-infraestructura-de-red","8":"_wholesalex wsx-wholesalex-product","10":"first","11":"instock","12":"taxable","13":"shipping-taxable","14":"purchasable","15":"product-type-variable","16":"has-default-attributes"},"acf":[],"_links":{"self":[{"href":"https:\/\/datageneral.co\/es\/wp-json\/wp\/v2\/product\/10296","targetHints":{"allow":["GET"]}}],"collection":[{"href":"https:\/\/datageneral.co\/es\/wp-json\/wp\/v2\/product"}],"about":[{"href":"https:\/\/datageneral.co\/es\/wp-json\/wp\/v2\/types\/product"}],"wp:featuredmedia":[{"embeddable":true,"href":"https:\/\/datageneral.co\/es\/wp-json\/wp\/v2\/media\/10295"}],"wp:attachment":[{"href":"https:\/\/datageneral.co\/es\/wp-json\/wp\/v2\/media?parent=10296"}],"wp:term":[{"taxonomy":"product_brand","embeddable":true,"href":"https:\/\/datageneral.co\/es\/wp-json\/wp\/v2\/product_brand?post=10296"},{"taxonomy":"product_cat","embeddable":true,"href":"https:\/\/datageneral.co\/es\/wp-json\/wp\/v2\/product_cat?post=10296"},{"taxonomy":"product_tag","embeddable":true,"href":"https:\/\/datageneral.co\/es\/wp-json\/wp\/v2\/product_tag?post=10296"}],"curies":[{"name":"wp","href":"https:\/\/api.w.org\/{rel}","templated":true}]}}