{"id":10288,"date":"2026-01-03T19:24:15","date_gmt":"2026-01-03T18:24:15","guid":{"rendered":"https:\/\/datageneral.co\/product\/dg-spp-lc-lc-om4-cable-de-conexion-de-fibra-multimodo-om4-duplex-lc-a-lc\/"},"modified":"2026-01-22T07:56:36","modified_gmt":"2026-01-22T06:56:36","slug":"dg-spp-lc-lc-om4-cable-de-conexion-de-fibra-multimodo-om4-duplex-lc-a-lc","status":"publish","type":"product","link":"https:\/\/datageneral.co\/es\/producto\/dg-spp-lc-lc-om4-cable-de-conexion-de-fibra-multimodo-om4-duplex-lc-a-lc\/","title":{"rendered":"DG-SPP-LC-LC-OM4 \u2013 Cable de conexi\u00f3n de fibra multimodo OM4 d\u00faplex LC a LC"},"content":{"rendered":"<p data-start=\"679\" data-end=\"877\">El Data General DG-SPP-LC-LC-OM4 es un cable de conexi\u00f3n de fibra multimodo d\u00faplex dise\u00f1ado para conectividad \u00f3ptica de alta velocidad en centros de datos, redes empresariales y sistemas de cableado estructurado.<\/p>\n<p data-start=\"879\" data-end=\"1222\">Fabricado con fibra multimodo OM4, este latiguillo admite aplicaciones de gran ancho de banda como Ethernet 10G, 25G, 40G y 100G, lo que lo hace ideal para entornos de conmutaci\u00f3n y servidores modernos. El cable termina en conectores LC en ambos extremos, lo que garantiza una baja p\u00e9rdida de inserci\u00f3n, una alta p\u00e9rdida de retorno y una excelente integridad de la se\u00f1al. <\/p>\n<p data-start=\"1224\" data-end=\"1546\">El n\u00facleo de fibra OM4 est\u00e1 optimizado para transceptores basados en VCSEL de 850 nm, lo que permite un alcance extendido en comparaci\u00f3n con la fibra OM3, manteniendo al mismo tiempo la compatibilidad con versiones anteriores. Su configuraci\u00f3n d\u00faplex admite la comunicaci\u00f3n bidireccional y se utiliza com\u00fanmente para interconexiones de conmutador a conmutador, de conmutador a servidor y de panel de conexi\u00f3n. <\/p>\n<p data-start=\"1548\" data-end=\"1807\">El DG-SPP-LC-LC-OM4 presenta una cubierta exterior violeta duradera, que cumple con los est\u00e1ndares de codificaci\u00f3n de colores OM4, y un di\u00e1metro de cable compacto de 2,0 mm, lo que garantiza una f\u00e1cil instalaci\u00f3n, un mejor flujo de aire y una gesti\u00f3n eficiente de los cables en entornos de alta densidad.<\/p>\n","protected":false},"excerpt":{"rendered":"<p>Cable de conexi\u00f3n de fibra multimodo OM4 d\u00faplex LC a LC de alto rendimiento dise\u00f1ado para aplicaciones de centros de datos de alta velocidad y redes empresariales.<\/p>\n","protected":false},"featured_media":10287,"template":"","meta":{"_acf_changed":false},"product_brand":[],"product_cat":[246,293],"product_tag":[],"class_list":{"0":"post-10288","1":"product","2":"type-product","3":"status-publish","4":"has-post-thumbnail","6":"product_cat-infraestructura-de-red","7":"product_cat-latiguillos-de-fibra-optica","8":"_wholesalex wsx-wholesalex-product","10":"first","11":"instock","12":"taxable","13":"shipping-taxable","14":"purchasable","15":"product-type-variable","16":"has-default-attributes"},"acf":[],"_links":{"self":[{"href":"https:\/\/datageneral.co\/es\/wp-json\/wp\/v2\/product\/10288","targetHints":{"allow":["GET"]}}],"collection":[{"href":"https:\/\/datageneral.co\/es\/wp-json\/wp\/v2\/product"}],"about":[{"href":"https:\/\/datageneral.co\/es\/wp-json\/wp\/v2\/types\/product"}],"wp:featuredmedia":[{"embeddable":true,"href":"https:\/\/datageneral.co\/es\/wp-json\/wp\/v2\/media\/10287"}],"wp:attachment":[{"href":"https:\/\/datageneral.co\/es\/wp-json\/wp\/v2\/media?parent=10288"}],"wp:term":[{"taxonomy":"product_brand","embeddable":true,"href":"https:\/\/datageneral.co\/es\/wp-json\/wp\/v2\/product_brand?post=10288"},{"taxonomy":"product_cat","embeddable":true,"href":"https:\/\/datageneral.co\/es\/wp-json\/wp\/v2\/product_cat?post=10288"},{"taxonomy":"product_tag","embeddable":true,"href":"https:\/\/datageneral.co\/es\/wp-json\/wp\/v2\/product_tag?post=10288"}],"curies":[{"name":"wp","href":"https:\/\/api.w.org\/{rel}","templated":true}]}}