{"id":10286,"date":"2026-01-16T23:32:09","date_gmt":"2026-01-16T22:32:09","guid":{"rendered":"https:\/\/datageneral.co\/product\/data-general-dg-sg2100-fs1-gateway-seguro-con-flashstart\/"},"modified":"2026-01-22T07:55:55","modified_gmt":"2026-01-22T06:55:55","slug":"data-general-dg-sg2100-fs1-gateway-seguro-con-flashstart","status":"publish","type":"product","link":"https:\/\/datageneral.co\/es\/producto\/data-general-dg-sg2100-fs1-gateway-seguro-con-flashstart\/","title":{"rendered":"Data General DG-SG2100-FS1 Gateway de Seguridad con Flashstart"},"content":{"rendered":"<p data-start=\"767\" data-end=\"994\">El <strong data-start=\"771\" data-end=\"801\">Data General DG-SG2100-FS1<\/strong> es un gateway seguro avanzado que combina un s\u00f3lido rendimiento de red con <strong data-start=\"881\" data-end=\"936\">servicios de seguridad integrados basados en la nube de Flashstart<\/strong>, ofreciendo una protecci\u00f3n integral para las redes modernas.<\/p>\n<p data-start=\"996\" data-end=\"1321\">Basado en la probada plataforma de hardware <strong data-start=\"1016\" data-end=\"1058\">DG-SG2100-2W8GP-135W<\/strong>, este modelo agrega <strong data-start=\"1076\" data-end=\"1163\">filtrado web en tiempo real, protecci\u00f3n contra malware, defensa contra ransomware y control de contenido<\/strong> impulsado por Flashstart. Las pol\u00edticas de seguridad se aplican a nivel de red, protegiendo todos los dispositivos conectados sin necesidad de instalar software en los puntos finales.<\/p>\n<p data-start=\"1323\" data-end=\"1607\">El DG-SG2100-FS1 se suministra con<strong data-start=\"1360\" data-end=\"1403\"> una licencia de seguridad Flashstart gratuita de 1 a\u00f1o<\/strong>, adecuada para <strong data-start=\"1418\" data-end=\"1469\">entornos residenciales y de peque\u00f1as y medianas empresas (PYME)<\/strong>. Esto permite la implementaci\u00f3n inmediata de funciones de seguridad web avanzadas sin costo de licencia adicional durante el primer a\u00f1o.<\/p>\n<p data-start=\"1609\" data-end=\"1814\">La soluci\u00f3n es ideal para <strong data-start=\"1635\" data-end=\"1727\">hogares, peque\u00f1as empresas, escuelas, entornos de hosteler\u00eda y proveedores de servicios gestionados<\/strong>, ofreciendo gesti\u00f3n centralizada, f\u00e1cil implementaci\u00f3n y protecci\u00f3n escalable basada en la nube.<\/p>\n<h4 data-start=\"3327\" data-end=\"3358\"><strong data-start=\"3331\" data-end=\"3358\">Implementaci\u00f3n y gesti\u00f3n<\/strong><\/h4>\n<p data-start=\"3359\" data-end=\"3500\">\u2022 Interfaz de gesti\u00f3n web<br data-start=\"3391\" data-end=\"3394\">\u2022 Gesti\u00f3n de seguridad en la nube mediante Flashstart<br data-start=\"3442\" data-end=\"3445\">\u2022 Apto para implementaciones de un solo sitio y de varios sitios<\/p>\n<h4 data-start=\"3507\" data-end=\"3531\"><strong data-start=\"3510\" data-end=\"3531\">Casos de uso t\u00edpicos<\/strong><\/h4>\n<p data-start=\"3532\" data-end=\"3748\">\u2022 Redes residenciales seguras con control parental<br data-start=\"3583\" data-end=\"3586\">\u2022 Protecci\u00f3n de redes para peque\u00f1as y medianas empresas<br data-start=\"3632\" data-end=\"3635\">\u2022 Escuelas y centros educativos<br data-start=\"3668\" data-end=\"3671\">\u2022 Seguridad WiFi para hoteles y hu\u00e9spedes<br data-start=\"3703\" data-end=\"3706\">\u2022 Proveedores de Servicios Gestionados (MSP\/MSSP)<\/p>\n<p>&nbsp;<\/p>\n","protected":false},"excerpt":{"rendered":"<p>Data General DG-SG2100-FS1 es un gateway seguro todo en uno que combina enrutamiento avanzado, conectividad PoE y seguridad integrada en la nube de Flashstart, incluyendo una licencia gratuita de 1 a\u00f1o para entornos residenciales y PYME.<\/p>\n","protected":false},"featured_media":10282,"template":"","meta":{"_acf_changed":false},"product_brand":[],"product_cat":[247],"product_tag":[297],"class_list":{"0":"post-10286","1":"product","2":"type-product","3":"status-publish","4":"has-post-thumbnail","6":"product_cat-gateways-de-seguridad","7":"product_tag-hospitality","8":"_wholesalex wsx-wholesalex-product","10":"first","11":"instock","12":"taxable","13":"shipping-taxable","14":"purchasable","15":"product-type-simple"},"acf":[],"_links":{"self":[{"href":"https:\/\/datageneral.co\/es\/wp-json\/wp\/v2\/product\/10286","targetHints":{"allow":["GET"]}}],"collection":[{"href":"https:\/\/datageneral.co\/es\/wp-json\/wp\/v2\/product"}],"about":[{"href":"https:\/\/datageneral.co\/es\/wp-json\/wp\/v2\/types\/product"}],"wp:featuredmedia":[{"embeddable":true,"href":"https:\/\/datageneral.co\/es\/wp-json\/wp\/v2\/media\/10282"}],"wp:attachment":[{"href":"https:\/\/datageneral.co\/es\/wp-json\/wp\/v2\/media?parent=10286"}],"wp:term":[{"taxonomy":"product_brand","embeddable":true,"href":"https:\/\/datageneral.co\/es\/wp-json\/wp\/v2\/product_brand?post=10286"},{"taxonomy":"product_cat","embeddable":true,"href":"https:\/\/datageneral.co\/es\/wp-json\/wp\/v2\/product_cat?post=10286"},{"taxonomy":"product_tag","embeddable":true,"href":"https:\/\/datageneral.co\/es\/wp-json\/wp\/v2\/product_tag?post=10286"}],"curies":[{"name":"wp","href":"https:\/\/api.w.org\/{rel}","templated":true}]}}