{"id":10276,"date":"2025-12-29T17:33:05","date_gmt":"2025-12-29T16:33:05","guid":{"rendered":"https:\/\/datageneral.co\/product\/dg-sg2100-2w8gp-135w-gateway-de-seguridad-vpn-poe\/"},"modified":"2026-01-22T08:14:32","modified_gmt":"2026-01-22T07:14:32","slug":"dg-sg2100-2w8gp-135w-gateway-de-seguridad-vpn-poe","status":"publish","type":"product","link":"https:\/\/datageneral.co\/es\/producto\/dg-sg2100-2w8gp-135w-gateway-de-seguridad-vpn-poe\/","title":{"rendered":"DG-SG2100-2W8GP-135W Gateway de seguridad VPN PoE"},"content":{"rendered":"<p data-start=\"42\" data-end=\"134\"><strong data-start=\"45\" data-end=\"134\">DG-SG2100-2W8GP-135W Gateway VPN PoE: red segura y alimentaci\u00f3n en un solo dispositivo<\/strong><\/p>\n<p data-start=\"136\" data-end=\"527\">El DG-SG2100-2W8GP-135W es un gateway VPN PoE vers\u00e1til y un router de red de <span class=\"hover:entity-accent entity-underline inline cursor-pointer align-baseline\"><span class=\"whitespace-normal\">Data General<\/span><\/span>, dise\u00f1ado para actuar como el centro de conectividad y seguridad de las redes profesionales. Combina enrutamiento, conmutaci\u00f3n, suministro de alimentaci\u00f3n PoE y seguridad VPN en un \u00fanico dispositivo compacto, lo que lo hace ideal para empresas modernas e implementaciones de redes distribuidas. <\/p>\n<p data-start=\"529\" data-end=\"962\">Este gateway cuenta con 8 puertos Gigabit Ethernet PoE con un presupuesto total de alimentaci\u00f3n PoE de 135 W, lo que le permite alimentar directamente puntos de acceso, c\u00e1maras IP, tel\u00e9fonos VoIP y otros dispositivos habilitados para PoE, eliminando la necesidad de inyectores de alimentaci\u00f3n externos o conmutadores adicionales. Adem\u00e1s, incluye 2 interfaces WAN, lo que permite escenarios de conectividad a Internet flexibles, como el equilibrio de carga, la conmutaci\u00f3n por error o los dise\u00f1os de redes segmentadas. <\/p>\n<p data-start=\"964\" data-end=\"1331\">Construido pensando en la seguridad, el DG-SG2100-2W8GP-135W es compatible con la funcionalidad VPN, lo que permite el acceso remoto seguro y las conexiones cifradas de sitio a sitio. Esto lo hace especialmente adecuado para empresas con m\u00faltiples sitios, cadenas minoristas, establecimientos de hosteler\u00eda, oficinas y peque\u00f1as y medianas empresas que requieren una conectividad fiable combinada con una seguridad centralizada. <\/p>\n<p data-start=\"1333\" data-end=\"1710\">Gracias a su dise\u00f1o todo en uno, el DG-SG2100-2W8GP-135W simplifica la arquitectura de la red, reduce el espacio f\u00edsico del hardware y disminuye los costes de implementaci\u00f3n y mantenimiento. Al actuar simult\u00e1neamente como router, conmutador PoE y gateway seguro, es una excelente opci\u00f3n para los integradores de sistemas y los profesionales de TI que buscan una soluci\u00f3n de red escalable, eficiente y preparada para el futuro. <\/p>\n","protected":false},"excerpt":{"rendered":"<p>DG-SG2100-2W8GP-135W es un gateway VPN PoE todo en uno con 8 puertos Gigabit PoE y un presupuesto de alimentaci\u00f3n de 135 W. Ideal para alimentar AP y dispositivos al tiempo que proporciona enrutamiento seguro y conectividad VPN para redes empresariales. <\/p>\n","protected":false},"featured_media":10045,"template":"","meta":{"_acf_changed":false},"product_brand":[],"product_cat":[247],"product_tag":[297],"class_list":{"0":"post-10276","1":"product","2":"type-product","3":"status-publish","4":"has-post-thumbnail","6":"product_cat-gateways-de-seguridad","7":"product_tag-hospitality","8":"_wholesalex wsx-wholesalex-product","10":"first","11":"instock","12":"taxable","13":"shipping-taxable","14":"purchasable","15":"product-type-simple"},"acf":[],"_links":{"self":[{"href":"https:\/\/datageneral.co\/es\/wp-json\/wp\/v2\/product\/10276","targetHints":{"allow":["GET"]}}],"collection":[{"href":"https:\/\/datageneral.co\/es\/wp-json\/wp\/v2\/product"}],"about":[{"href":"https:\/\/datageneral.co\/es\/wp-json\/wp\/v2\/types\/product"}],"wp:featuredmedia":[{"embeddable":true,"href":"https:\/\/datageneral.co\/es\/wp-json\/wp\/v2\/media\/10045"}],"wp:attachment":[{"href":"https:\/\/datageneral.co\/es\/wp-json\/wp\/v2\/media?parent=10276"}],"wp:term":[{"taxonomy":"product_brand","embeddable":true,"href":"https:\/\/datageneral.co\/es\/wp-json\/wp\/v2\/product_brand?post=10276"},{"taxonomy":"product_cat","embeddable":true,"href":"https:\/\/datageneral.co\/es\/wp-json\/wp\/v2\/product_cat?post=10276"},{"taxonomy":"product_tag","embeddable":true,"href":"https:\/\/datageneral.co\/es\/wp-json\/wp\/v2\/product_tag?post=10276"}],"curies":[{"name":"wp","href":"https:\/\/api.w.org\/{rel}","templated":true}]}}