{"id":10265,"date":"2025-12-27T12:32:26","date_gmt":"2025-12-27T11:32:26","guid":{"rendered":"https:\/\/datageneral.co\/product\/punto-de-acceso-wi-fi-6-dg-ap820-ax3000\/"},"modified":"2026-01-22T10:35:47","modified_gmt":"2026-01-22T09:35:47","slug":"punto-de-acceso-wi-fi-6-dg-ap820-ax3000","status":"publish","type":"product","link":"https:\/\/datageneral.co\/es\/producto\/punto-de-acceso-wi-fi-6-dg-ap820-ax3000\/","title":{"rendered":"Punto de acceso Wi-Fi 6 DG-AP820-AX3000"},"content":{"rendered":"<p data-start=\"42\" data-end=\"137\"><strong data-start=\"42\" data-end=\"137\">Punto de acceso WiFi 6 Data General DG-AP820-AX3000: alto rendimiento a un valor excepcional<\/strong><\/p>\n<p data-start=\"139\" data-end=\"509\">El Data General DG-AP820-AX3000 es uno de los puntos de acceso WiFi 6 m\u00e1s populares del mercado gracias a su excepcional relaci\u00f3n precio-rendimiento. Dise\u00f1ado como un punto de acceso 802.11ax de doble radio y doble flujo de 2\u00d72, ofrece una velocidad inal\u00e1mbrica agregada de hasta 2976 Mbps, lo que garantiza una conectividad r\u00e1pida, estable y fiable incluso en entornos exigentes. <\/p>\n<p data-start=\"511\" data-end=\"968\">Este punto de acceso WiFi 6 para interiores cuenta con un puerto Gigabit Ethernet RJ45 combinado con un puerto combinado SFP \u00f3ptico de 2,5 Gbps, lo que proporciona una flexibilidad de implementaci\u00f3n excepcional. La interfaz SFP permite conexiones de fibra \u00f3ptica a distancias superiores a 100 metros, lo que lo hace ideal para escenarios en los que el cableado de cobre no es suficiente. Con el m\u00f3dulo SFP adecuado, el DG-AP820-AX3000 tambi\u00e9n se puede integrar perfectamente en instalaciones basadas en GPON.  <\/p>\n<p data-start=\"970\" data-end=\"1472\">Optimizado para uso profesional y residencial, el DG-AP820-AX3000 es perfecto para oficinas, aulas, hoteles, hospitales, residencias de estudiantes, edificios de apartamentos y hogares inteligentes, as\u00ed como cualquier espacio interior que requiera una red inal\u00e1mbrica segura, de alta velocidad y fiable. Su tecnolog\u00eda WiFi 6 garantiza una mayor capacidad, menor latencia y mayor eficiencia para m\u00faltiples usuarios simult\u00e1neos, lo que lo convierte en una excelente opci\u00f3n para las redes modernas que exigen rendimiento y escalabilidad. <\/p>\n","protected":false},"excerpt":{"rendered":"<p>Punto de acceso Wi-Fi 6 profesional dise\u00f1ado para una conectividad inal\u00e1mbrica fiable y de alto rendimiento en entornos empresariales y comerciales. Ideal para oficinas, hosteler\u00eda, comercio minorista e instalaciones residenciales avanzadas. <\/p>\n","protected":false},"featured_media":10260,"template":"","meta":{"_acf_changed":false},"product_brand":[],"product_cat":[244],"product_tag":[297],"class_list":{"0":"post-10265","1":"product","2":"type-product","3":"status-publish","4":"has-post-thumbnail","6":"product_cat-puntos-de-acceso","7":"product_tag-hospitality","8":"_wholesalex wsx-wholesalex-product","10":"first","11":"instock","12":"taxable","13":"shipping-taxable","14":"purchasable","15":"product-type-simple"},"acf":[],"_links":{"self":[{"href":"https:\/\/datageneral.co\/es\/wp-json\/wp\/v2\/product\/10265","targetHints":{"allow":["GET"]}}],"collection":[{"href":"https:\/\/datageneral.co\/es\/wp-json\/wp\/v2\/product"}],"about":[{"href":"https:\/\/datageneral.co\/es\/wp-json\/wp\/v2\/types\/product"}],"wp:featuredmedia":[{"embeddable":true,"href":"https:\/\/datageneral.co\/es\/wp-json\/wp\/v2\/media\/10260"}],"wp:attachment":[{"href":"https:\/\/datageneral.co\/es\/wp-json\/wp\/v2\/media?parent=10265"}],"wp:term":[{"taxonomy":"product_brand","embeddable":true,"href":"https:\/\/datageneral.co\/es\/wp-json\/wp\/v2\/product_brand?post=10265"},{"taxonomy":"product_cat","embeddable":true,"href":"https:\/\/datageneral.co\/es\/wp-json\/wp\/v2\/product_cat?post=10265"},{"taxonomy":"product_tag","embeddable":true,"href":"https:\/\/datageneral.co\/es\/wp-json\/wp\/v2\/product_tag?post=10265"}],"curies":[{"name":"wp","href":"https:\/\/api.w.org\/{rel}","templated":true}]}}