{"id":10253,"date":"2025-12-28T21:56:19","date_gmt":"2025-12-28T20:56:19","guid":{"rendered":"https:\/\/datageneral.co\/product\/punto-de-acceso-wifi-6-de-alta-densidad-dg-ap850-ax6800\/"},"modified":"2026-01-22T10:29:55","modified_gmt":"2026-01-22T09:29:55","slug":"punto-de-acceso-wifi-6-de-alta-densidad-dg-ap850-ax6800","status":"publish","type":"product","link":"https:\/\/datageneral.co\/es\/producto\/punto-de-acceso-wifi-6-de-alta-densidad-dg-ap850-ax6800\/","title":{"rendered":"Punto de acceso WiFi 6 de alta densidad DG-AP850-AX6800"},"content":{"rendered":"<p data-start=\"42\" data-end=\"143\"><strong data-start=\"42\" data-end=\"143\">Punto de acceso WiFi 6 de alta densidad DG-AP850-AX6800: rendimiento extremo para entornos exigentes<\/strong><\/p>\n<p data-start=\"145\" data-end=\"622\">El DG-AP850-AX6800 de <span class=\"hover:entity-accent entity-underline inline cursor-pointer align-baseline\"><span class=\"whitespace-normal\">Data General<\/span><\/span> es uno de los puntos de acceso WiFi 6 de alta densidad l\u00edderes en el mundo, dise\u00f1ado para entornos donde el rendimiento, la capacidad y la fiabilidad son de misi\u00f3n cr\u00edtica. Su avanzada arquitectura de triple radio combina una radio de 5 GHz 802.11ax 4\u00d74, una radio de 2,4 GHz 802.11ax 4\u00d74 y una radio adicional de 5 GHz 802.11ac 2\u00d72, lo que ofrece un rendimiento inal\u00e1mbrico agregado excepcional de hasta 6817 Mbps. <\/p>\n<p data-start=\"624\" data-end=\"1040\">Dise\u00f1ado espec\u00edficamente para implementaciones de alta densidad de usuarios, el DG-AP850-AX6800 destaca en ubicaciones como auditorios, centros de conferencias y eventos, centros comerciales, grandes hoteles y lugares p\u00fablicos, donde se deben gestionar de manera eficiente cientos de conexiones simult\u00e1neas. La tecnolog\u00eda WiFi 6 garantiza una mayor capacidad, una mejor eficiencia del espectro, una latencia reducida y un rendimiento constante incluso con una carga de red pesada. <\/p>\n<p data-start=\"1042\" data-end=\"1337\">Gracias a su dise\u00f1o robusto y a los resultados probados en el mundo real, el DG-AP850-AX6800 es una opci\u00f3n de confianza para instaladores, integradores de sistemas y profesionales de TI que buscan un punto de acceso fiable de nivel empresarial capaz de ofrecer un \u00e9xito garantizado en los entornos inal\u00e1mbricos m\u00e1s exigentes.<\/p>\n","protected":false},"excerpt":{"rendered":"<p>Punto de acceso WiFi 6 de alta densidad con dise\u00f1o de triple radio y un rendimiento de hasta 6817 Mbps. Ideal para auditorios, hoteles, centros comerciales y grandes espacios que requieren una conectividad inal\u00e1mbrica fiable y de alta capacidad. <\/p>\n","protected":false},"featured_media":10049,"template":"","meta":{"_acf_changed":false},"product_brand":[],"product_cat":[244],"product_tag":[297],"class_list":{"0":"post-10253","1":"product","2":"type-product","3":"status-publish","4":"has-post-thumbnail","6":"product_cat-puntos-de-acceso","7":"product_tag-hospitality","8":"_wholesalex wsx-wholesalex-product","10":"first","11":"instock","12":"taxable","13":"shipping-taxable","14":"purchasable","15":"product-type-simple"},"acf":[],"_links":{"self":[{"href":"https:\/\/datageneral.co\/es\/wp-json\/wp\/v2\/product\/10253","targetHints":{"allow":["GET"]}}],"collection":[{"href":"https:\/\/datageneral.co\/es\/wp-json\/wp\/v2\/product"}],"about":[{"href":"https:\/\/datageneral.co\/es\/wp-json\/wp\/v2\/types\/product"}],"wp:featuredmedia":[{"embeddable":true,"href":"https:\/\/datageneral.co\/es\/wp-json\/wp\/v2\/media\/10049"}],"wp:attachment":[{"href":"https:\/\/datageneral.co\/es\/wp-json\/wp\/v2\/media?parent=10253"}],"wp:term":[{"taxonomy":"product_brand","embeddable":true,"href":"https:\/\/datageneral.co\/es\/wp-json\/wp\/v2\/product_brand?post=10253"},{"taxonomy":"product_cat","embeddable":true,"href":"https:\/\/datageneral.co\/es\/wp-json\/wp\/v2\/product_cat?post=10253"},{"taxonomy":"product_tag","embeddable":true,"href":"https:\/\/datageneral.co\/es\/wp-json\/wp\/v2\/product_tag?post=10253"}],"curies":[{"name":"wp","href":"https:\/\/api.w.org\/{rel}","templated":true}]}}