{"id":10241,"date":"2025-12-28T22:19:34","date_gmt":"2025-12-28T21:19:34","guid":{"rendered":"https:\/\/datageneral.co\/product\/punto-de-acceso-de-triple-radio-dg-ap880e-ax7800-wifi-6e\/"},"modified":"2026-01-22T10:29:54","modified_gmt":"2026-01-22T09:29:54","slug":"punto-de-acceso-de-triple-radio-dg-ap880e-ax7800-wifi-6e","status":"publish","type":"product","link":"https:\/\/datageneral.co\/es\/producto\/punto-de-acceso-de-triple-radio-dg-ap880e-ax7800-wifi-6e\/","title":{"rendered":"Punto de acceso de triple radio DG-AP880E-AX7800 WiFi 6E"},"content":{"rendered":"<p data-start=\"42\" data-end=\"139\"><strong data-start=\"42\" data-end=\"139\">Punto de acceso de triple radio DG-AP880E-AX7800 WiFi 6E: libere toda la potencia de la banda de 6 GHz<\/strong><\/p>\n<p data-start=\"141\" data-end=\"635\">El DG-AP880E-AX7800 es el primer punto de acceso WiFi 6E de <span class=\"hover:entity-accent entity-underline inline cursor-pointer align-baseline\"><span class=\"whitespace-normal\">Data General<\/span><\/span>, dise\u00f1ado para ofrecer un rendimiento inal\u00e1mbrico de \u00faltima generaci\u00f3n en entornos de alta densidad impulsados por la tecnolog\u00eda. Con una arquitectura de triple radio y triple banda, este punto de acceso combina una radio de doble flujo de 2,4 GHz 2\u00d72, una radio de doble flujo de 5 GHz 2\u00d72 y una potente radio de cuatro flujos de 6 GHz 4\u00d74, lo que permite alcanzar una impresionante velocidad inal\u00e1mbrica agregada de hasta 7780 Mbps. <\/p>\n<p data-start=\"637\" data-end=\"1025\">Al aprovechar el espectro de 6 GHz reci\u00e9n disponible, el DG-AP880E-AX7800 desbloquea el verdadero potencial de WiFi 6E: canales m\u00e1s amplios, interferencias reducidas y una latencia significativamente menor en comparaci\u00f3n con las bandas heredadas. Esto lo convierte en la soluci\u00f3n ideal para entornos donde el rendimiento, la capacidad y la fiabilidad son fundamentales, especialmente cuando muchos dispositivos modernos est\u00e1n conectados simult\u00e1neamente. <\/p>\n<p data-start=\"1027\" data-end=\"1446\">Dise\u00f1ado para implementaciones de alta densidad, este punto de acceso destaca en ubicaciones como campus universitarios, bibliotecas, eventos de juegos y deportes electr\u00f3nicos, conferencias tecnol\u00f3gicas, centros de innovaci\u00f3n y espacios corporativos avanzados. La banda dedicada de 6 GHz garantiza un funcionamiento fluido para aplicaciones que consumen mucho ancho de banda, mientras que las radios de 2,4 GHz y 5 GHz mantienen la compatibilidad y la cobertura para una amplia gama de dispositivos cliente. <\/p>\n<p data-start=\"1448\" data-end=\"1773\">Con su dise\u00f1o de radio avanzado y sus capacidades WiFi 6E, el DG-AP880E-AX7800 ofrece una conectividad inal\u00e1mbrica r\u00e1pida, estable y preparada para el futuro, lo que lo convierte en una excelente opci\u00f3n para integradores de sistemas, profesionales de TI y organizaciones que buscan implementar redes inal\u00e1mbricas de vanguardia listas para la pr\u00f3xima generaci\u00f3n de dispositivos.<\/p>\n","protected":false},"excerpt":{"rendered":"<p>Punto de acceso de triple radio WiFi 6E con banda dedicada de 6 GHz y un rendimiento de hasta 7780 Mbps. Dise\u00f1ado para entornos de alta densidad como campus, eventos, bibliotecas y lugares tecnol\u00f3gicos. <\/p>\n","protected":false},"featured_media":10048,"template":"","meta":{"_acf_changed":false},"product_brand":[],"product_cat":[244],"product_tag":[297],"class_list":{"0":"post-10241","1":"product","2":"type-product","3":"status-publish","4":"has-post-thumbnail","6":"product_cat-puntos-de-acceso","7":"product_tag-hospitality","8":"_wholesalex wsx-wholesalex-product","10":"first","11":"instock","12":"taxable","13":"shipping-taxable","14":"purchasable","15":"product-type-simple"},"acf":[],"_links":{"self":[{"href":"https:\/\/datageneral.co\/es\/wp-json\/wp\/v2\/product\/10241","targetHints":{"allow":["GET"]}}],"collection":[{"href":"https:\/\/datageneral.co\/es\/wp-json\/wp\/v2\/product"}],"about":[{"href":"https:\/\/datageneral.co\/es\/wp-json\/wp\/v2\/types\/product"}],"wp:featuredmedia":[{"embeddable":true,"href":"https:\/\/datageneral.co\/es\/wp-json\/wp\/v2\/media\/10048"}],"wp:attachment":[{"href":"https:\/\/datageneral.co\/es\/wp-json\/wp\/v2\/media?parent=10241"}],"wp:term":[{"taxonomy":"product_brand","embeddable":true,"href":"https:\/\/datageneral.co\/es\/wp-json\/wp\/v2\/product_brand?post=10241"},{"taxonomy":"product_cat","embeddable":true,"href":"https:\/\/datageneral.co\/es\/wp-json\/wp\/v2\/product_cat?post=10241"},{"taxonomy":"product_tag","embeddable":true,"href":"https:\/\/datageneral.co\/es\/wp-json\/wp\/v2\/product_tag?post=10241"}],"curies":[{"name":"wp","href":"https:\/\/api.w.org\/{rel}","templated":true}]}}