{"id":10195,"date":"2025-12-29T12:12:38","date_gmt":"2025-12-29T11:12:38","guid":{"rendered":"https:\/\/datageneral.co\/product\/controlador-lan-inalambrica-dg-ws7005-1w4g-sin-licencia\/"},"modified":"2026-01-22T08:16:35","modified_gmt":"2026-01-22T07:16:35","slug":"controlador-lan-inalambrica-dg-ws7005-1w4g-sin-licencia","status":"publish","type":"product","link":"https:\/\/datageneral.co\/es\/producto\/controlador-lan-inalambrica-dg-ws7005-1w4g-sin-licencia\/","title":{"rendered":"Controlador LAN inal\u00e1mbrica DG-WS7005-1W4G | Sin licencia"},"content":{"rendered":"<p data-start=\"42\" data-end=\"138\"><strong data-start=\"45\" data-end=\"138\">Controlador LAN inal\u00e1mbrica DG-WS7005: gesti\u00f3n centralizada sin licencia para hasta 128 AP<\/strong><\/p>\n<p data-start=\"140\" data-end=\"416\">El DG-WS7005 es un controlador LAN inal\u00e1mbrica potente y rentable de <span class=\"hover:entity-accent entity-underline inline cursor-pointer align-baseline\"><span class=\"whitespace-normal\">Data General<\/span><\/span>, dise\u00f1ado para proporcionar gesti\u00f3n y control centralizados para implementaciones WiFi medianas y grandes, sin la complejidad ni el coste de las licencias de software.<\/p>\n<p data-start=\"418\" data-end=\"783\">Una de las principales ventajas del DG-WS7005 es su arquitectura sin licencia, que permite a las organizaciones escalar sus redes inal\u00e1mbricas sin tarifas recurrentes. El controlador admite hasta 64 puntos de acceso est\u00e1ndar o hasta 128 puntos de acceso de pared, lo que lo convierte en una soluci\u00f3n ideal para entornos con un gran n\u00famero de habitaciones o instalaciones interiores distribuidas. <\/p>\n<p data-start=\"785\" data-end=\"1098\">El DG-WS7005 permite la configuraci\u00f3n, supervisi\u00f3n y optimizaci\u00f3n unificadas de la red inal\u00e1mbrica desde una \u00fanica plataforma. Al centralizar la gesti\u00f3n de AP, simplifica la implementaci\u00f3n, reduce los gastos operativos y garantiza un rendimiento, una seguridad y una aplicaci\u00f3n de pol\u00edticas coherentes en todos los puntos de acceso conectados. <\/p>\n<p data-start=\"1100\" data-end=\"1508\">Este controlador es especialmente adecuado para hoteles y entornos de hosteler\u00eda, residencias de estudiantes, edificios de oficinas, hospitales, escuelas y campus empresariales, donde es necesario gestionar de forma eficiente y fiable un gran n\u00famero de puntos de acceso. Su s\u00f3lido soporte para arquitecturas AP de pared lo hace especialmente atractivo para implementaciones basadas en habitaciones que requieren tanto escalabilidad como control de costes. <\/p>\n<p data-start=\"1510\" data-end=\"1800\">Al combinar una alta capacidad de AP, un funcionamiento sin licencia y un control centralizado, el DG-WS7005 ofrece una soluci\u00f3n de gesti\u00f3n WLAN preparada para el futuro que ofrece un valor excelente para los integradores de sistemas, los equipos de TI y las organizaciones que buscan construir redes inal\u00e1mbricas escalables y f\u00e1ciles de gestionar.<\/p>\n","protected":false},"excerpt":{"rendered":"<p>Controlador LAN inal\u00e1mbrica que admite hasta 64 AP est\u00e1ndar o 128 AP de pared sin necesidad de licencia. Ideal para hoteles, campus, oficinas e implementaciones WiFi escalables. <\/p>\n","protected":false},"featured_media":10191,"template":"","meta":{"_acf_changed":false},"product_brand":[],"product_cat":[245],"product_tag":[297],"class_list":{"0":"post-10195","1":"product","2":"type-product","3":"status-publish","4":"has-post-thumbnail","6":"product_cat-control-de-red","7":"product_tag-hospitality","8":"_wholesalex wsx-wholesalex-product","10":"first","11":"instock","12":"taxable","13":"shipping-taxable","14":"purchasable","15":"product-type-simple"},"acf":[],"_links":{"self":[{"href":"https:\/\/datageneral.co\/es\/wp-json\/wp\/v2\/product\/10195","targetHints":{"allow":["GET"]}}],"collection":[{"href":"https:\/\/datageneral.co\/es\/wp-json\/wp\/v2\/product"}],"about":[{"href":"https:\/\/datageneral.co\/es\/wp-json\/wp\/v2\/types\/product"}],"wp:featuredmedia":[{"embeddable":true,"href":"https:\/\/datageneral.co\/es\/wp-json\/wp\/v2\/media\/10191"}],"wp:attachment":[{"href":"https:\/\/datageneral.co\/es\/wp-json\/wp\/v2\/media?parent=10195"}],"wp:term":[{"taxonomy":"product_brand","embeddable":true,"href":"https:\/\/datageneral.co\/es\/wp-json\/wp\/v2\/product_brand?post=10195"},{"taxonomy":"product_cat","embeddable":true,"href":"https:\/\/datageneral.co\/es\/wp-json\/wp\/v2\/product_cat?post=10195"},{"taxonomy":"product_tag","embeddable":true,"href":"https:\/\/datageneral.co\/es\/wp-json\/wp\/v2\/product_tag?post=10195"}],"curies":[{"name":"wp","href":"https:\/\/api.w.org\/{rel}","templated":true}]}}