{"id":10092,"date":"2025-12-30T14:03:12","date_gmt":"2025-12-30T13:03:12","guid":{"rendered":"https:\/\/datageneral.co\/product\/controlador-lan-inalambrico-dg-ws7110-hasta-1024-ap\/"},"modified":"2026-01-22T07:59:02","modified_gmt":"2026-01-22T06:59:02","slug":"controlador-lan-inalambrico-dg-ws7110-hasta-1024-ap","status":"publish","type":"product","link":"https:\/\/datageneral.co\/es\/producto\/controlador-lan-inalambrico-dg-ws7110-hasta-1024-ap\/","title":{"rendered":"Controlador LAN inal\u00e1mbrico DG-WS7110 | Hasta 1024 AP"},"content":{"rendered":"<p data-start=\"42\" data-end=\"149\"><strong data-start=\"45\" data-end=\"149\">Controlador LAN inal\u00e1mbrico DG-WS7110: administraci\u00f3n de WiFi empresarial escalable para proyectos medianos y grandes<\/strong><\/p>\n<p data-start=\"151\" data-end=\"532\">El DG-WS7110 es un controlador LAN inal\u00e1mbrico de nivel empresarial de <span class=\"hover:entity-accent entity-underline inline cursor-pointer align-baseline\"><span class=\"whitespace-normal\">Data General<\/span><\/span>, dise\u00f1ado para proporcionar una administraci\u00f3n de WiFi centralizada, escalable y fiable para implementaciones medianas y grandes. Dise\u00f1ado para situarse en el n\u00facleo de las arquitecturas WLAN profesionales, ofrece el control, el rendimiento y la flexibilidad necesarios en entornos exigentes. <\/p>\n<p data-start=\"534\" data-end=\"999\">El controlador admite hasta 512 puntos de acceso est\u00e1ndar o hasta 1024 puntos de acceso de pared, lo que lo convierte en una opci\u00f3n ideal para proyectos con un gran n\u00famero de habitaciones o cobertura interior distribuida. Para simplificar la implementaci\u00f3n, el DG-WS7110 incluye una licencia precargada para 32 AP est\u00e1ndar (o 64 AP de pared), lo que permite que las redes comiencen de forma peque\u00f1a y se escalen progresivamente a medida que crecen los requisitos del proyecto. Se puede habilitar capacidad de AP adicional a trav\u00e9s de licencias seg\u00fan sea necesario.  <\/p>\n<p data-start=\"1001\" data-end=\"1357\">El DG-WS7110 centraliza la configuraci\u00f3n, la supervisi\u00f3n, la optimizaci\u00f3n y la aplicaci\u00f3n de pol\u00edticas en toda la red inal\u00e1mbrica, lo que garantiza un rendimiento, una seguridad y una experiencia de usuario uniformes. Este enfoque centralizado reduce la complejidad operativa, acelera la resoluci\u00f3n de problemas y permite una administraci\u00f3n eficiente de grandes flotas de AP desde una \u00fanica plataforma. <\/p>\n<p data-start=\"1359\" data-end=\"1812\">Dise\u00f1ado espec\u00edficamente para proyectos medianos y grandes, el DG-WS7110 es ideal para hoteles y cadenas hoteleras, grandes empresas, campus universitarios, hospitales, sedes corporativas e instalaciones de varios edificios, donde la escalabilidad, la fiabilidad y el crecimiento estructurado son fundamentales. Su s\u00f3lido soporte para arquitecturas AP de pared lo hace especialmente atractivo para implementaciones basadas en habitaciones en entornos de hosteler\u00eda y de estilo residencial. <\/p>\n<p data-start=\"1814\" data-end=\"2106\">Al combinar una alta capacidad de AP, licencias flexibles y control WLAN de nivel empresarial, el DG-WS7110 se posiciona como el paso perfecto desde los controladores de nivel b\u00e1sico, ofreciendo una soluci\u00f3n de administraci\u00f3n inal\u00e1mbrica preparada para el futuro para redes profesionales que exigen escala y robustez.<\/p>\n","protected":false},"excerpt":{"rendered":"<p>DG-WS7110 es un controlador LAN inal\u00e1mbrico empresarial que admite hasta 512 AP est\u00e1ndar o 1024 AP de pared. Incluye licencia para 32 AP (64 de pared). Ideal para hoteles, campus y grandes implementaciones WiFi empresariales.  <\/p>\n","protected":false},"featured_media":10041,"template":"","meta":{"_acf_changed":false},"product_brand":[],"product_cat":[245],"product_tag":[297],"class_list":{"0":"post-10092","1":"product","2":"type-product","3":"status-publish","4":"has-post-thumbnail","6":"product_cat-control-de-red","7":"product_tag-hospitality","8":"_wholesalex wsx-wholesalex-product","10":"first","11":"instock","12":"taxable","13":"shipping-taxable","14":"purchasable","15":"product-type-simple"},"acf":[],"_links":{"self":[{"href":"https:\/\/datageneral.co\/es\/wp-json\/wp\/v2\/product\/10092","targetHints":{"allow":["GET"]}}],"collection":[{"href":"https:\/\/datageneral.co\/es\/wp-json\/wp\/v2\/product"}],"about":[{"href":"https:\/\/datageneral.co\/es\/wp-json\/wp\/v2\/types\/product"}],"wp:featuredmedia":[{"embeddable":true,"href":"https:\/\/datageneral.co\/es\/wp-json\/wp\/v2\/media\/10041"}],"wp:attachment":[{"href":"https:\/\/datageneral.co\/es\/wp-json\/wp\/v2\/media?parent=10092"}],"wp:term":[{"taxonomy":"product_brand","embeddable":true,"href":"https:\/\/datageneral.co\/es\/wp-json\/wp\/v2\/product_brand?post=10092"},{"taxonomy":"product_cat","embeddable":true,"href":"https:\/\/datageneral.co\/es\/wp-json\/wp\/v2\/product_cat?post=10092"},{"taxonomy":"product_tag","embeddable":true,"href":"https:\/\/datageneral.co\/es\/wp-json\/wp\/v2\/product_tag?post=10092"}],"curies":[{"name":"wp","href":"https:\/\/api.w.org\/{rel}","templated":true}]}}