{"id":10086,"date":"2025-12-30T19:47:51","date_gmt":"2025-12-30T18:47:51","guid":{"rendered":"https:\/\/datageneral.co\/product\/dg-s5360-48gp4x-1440w-switch-poe-de-capa-3-10g-con-48-puertos-y-4-sfp\/"},"modified":"2025-12-30T19:47:51","modified_gmt":"2025-12-30T18:47:51","slug":"dg-s5360-48gp4x-1440w-switch-poe-de-capa-3-10g-con-48-puertos-y-4-sfp","status":"publish","type":"product","link":"https:\/\/datageneral.co\/es\/producto\/dg-s5360-48gp4x-1440w-switch-poe-de-capa-3-10g-con-48-puertos-y-4-sfp\/","title":{"rendered":"DG-S5360-48GP4X-1440W &#8211; switch PoE de Capa 3 10G con 48 Puertos y 4 SFP+"},"content":{"rendered":"<p data-start=\"42\" data-end=\"141\"><strong data-start=\"45\" data-end=\"141\">DG-S5360-48GP4X-1440W Layer 3 PoE Switch \u2013 Enterprise Power, Redundancy, and 10G Performance<\/strong><\/p>\n<p data-start=\"143\" data-end=\"555\">El DG-S5360-48GP4X-1440W es un switch PoE Gigabit de capa 3 de nivel empresarial de Data General, dise\u00f1ado para implementaciones profesionales que requieren alta confiabilidad, energ\u00eda PoE centralizada y enlaces ascendentes de alta velocidad, sin sobredimensionar el presupuesto de energ\u00eda. Est\u00e1 idealmente posicionado para proyectos medianos a grandes donde el rendimiento, la resiliencia y la escalabilidad son esenciales. <\/p>\n<p data-start=\"557\" data-end=\"1017\">Este modelo est\u00e1 equipado con 48 puertos Gigabit Ethernet PoE y 4 puertos de enlace ascendente SFP+ de 10G, lo que proporciona conectividad de acceso de alta densidad y agregaci\u00f3n r\u00e1pida al n\u00facleo de la red. Con un presupuesto de energ\u00eda PoE de 1440 W, el DG-S5360-48GP4X-1440W puede alimentar de manera confiable una gran cantidad de puntos de acceso WiFi 6 \/ WiFi 6E, c\u00e1maras IP, tel\u00e9fonos VoIP, sistemas de control de acceso y dispositivos IoT, lo que lo convierte en una opci\u00f3n equilibrada y eficiente para redes empresariales. <\/p>\n<p data-start=\"1019\" data-end=\"1393\">Una caracter\u00edstica clave de este conmutador es su dise\u00f1o de fuente de alimentaci\u00f3n dual redundante e intercambiable en caliente, que funciona con dos unidades de fuente de alimentaci\u00f3n DG-PA1000-I-F (equivalentes a RG-PA1000-I-F). Esta configuraci\u00f3n garantiza redundancia de energ\u00eda y funcionamiento ininterrumpido, lo que permite el mantenimiento o el reemplazo del m\u00f3dulo de energ\u00eda sin tiempo de inactividad de la red, un requisito esencial en entornos cr\u00edticos para el negocio.  <\/p>\n<p data-start=\"1395\" data-end=\"1801\">Gracias a sus capacidades de Capa 3, el DG-S5360-48GP4X-1440W admite enrutamiento avanzado, segmentaci\u00f3n de VLAN y gesti\u00f3n de tr\u00e1fico directamente en el conmutador, lo que mejora la eficiencia de la red y simplifica la arquitectura general. Los enlaces ascendentes SFP+ 10G garantizan conectividad de alto rendimiento y baja latencia, evitando cuellos de botella en redes con tr\u00e1fico inal\u00e1mbrico pesado y aplicaciones con uso intensivo de datos. <\/p>\n<p data-start=\"1803\" data-end=\"2099\">El DG-S5360-48GP4X-1440W es ideal para hoteles, hospitales, campus universitarios, grandes oficinas, instalaciones industriales, cadenas minoristas e implementaciones de WiFi empresariales, donde se requiere redundancia, rendimiento y capacidad PoE controlada. Ofrece el mismo conjunto de funciones empresariales que los modelos de mayor potencia, con una salida PoE m\u00e1s optimizada para proyectos que no requieren potencia m\u00e1xima.<\/p>\n<p data-start=\"2101\" data-end=\"2326\">Al combinar la inteligencia de capa 3, las fuentes de alimentaci\u00f3n redundantes intercambiables en caliente, la gran capacidad PoE y los enlaces ascendentes de 10G, el DG-S5360-48GP4X-1440W ofrece una soluci\u00f3n de conmutaci\u00f3n robusta, escalable y preparada para el futuro para redes profesionales y empresariales.<\/p>\n","protected":false},"excerpt":{"rendered":"<p>Switch PoE de capa 3 empresarial con 48 puertos PoE Gigabit, 4 enlaces ascendentes SFP+ de 10 G y un presupuesto PoE de 1440 W. Las fuentes de alimentaci\u00f3n duales intercambiables en caliente DG-PA1000-I-F garantizan una alta disponibilidad para redes cr\u00edticas para el negocio. <\/p>\n","protected":false},"featured_media":10085,"template":"","meta":{"_acf_changed":false},"product_brand":[],"product_cat":[246,294],"product_tag":[297],"class_list":{"0":"post-10086","1":"product","2":"type-product","3":"status-publish","4":"has-post-thumbnail","6":"product_cat-infraestructura-de-red","7":"product_cat-switches-de-red","8":"product_tag-hospitality","9":"_wholesalex wsx-wholesalex-product","11":"first","12":"instock","13":"taxable","14":"shipping-taxable","15":"purchasable","16":"product-type-simple"},"acf":[],"_links":{"self":[{"href":"https:\/\/datageneral.co\/es\/wp-json\/wp\/v2\/product\/10086","targetHints":{"allow":["GET"]}}],"collection":[{"href":"https:\/\/datageneral.co\/es\/wp-json\/wp\/v2\/product"}],"about":[{"href":"https:\/\/datageneral.co\/es\/wp-json\/wp\/v2\/types\/product"}],"wp:featuredmedia":[{"embeddable":true,"href":"https:\/\/datageneral.co\/es\/wp-json\/wp\/v2\/media\/10085"}],"wp:attachment":[{"href":"https:\/\/datageneral.co\/es\/wp-json\/wp\/v2\/media?parent=10086"}],"wp:term":[{"taxonomy":"product_brand","embeddable":true,"href":"https:\/\/datageneral.co\/es\/wp-json\/wp\/v2\/product_brand?post=10086"},{"taxonomy":"product_cat","embeddable":true,"href":"https:\/\/datageneral.co\/es\/wp-json\/wp\/v2\/product_cat?post=10086"},{"taxonomy":"product_tag","embeddable":true,"href":"https:\/\/datageneral.co\/es\/wp-json\/wp\/v2\/product_tag?post=10086"}],"curies":[{"name":"wp","href":"https:\/\/api.w.org\/{rel}","templated":true}]}}