{"id":10863,"date":"2026-01-19T10:39:47","date_gmt":"2026-01-19T09:39:47","guid":{"rendered":"https:\/\/datageneral.co\/donde-comprar\/"},"modified":"2026-01-19T11:58:00","modified_gmt":"2026-01-19T10:58:00","slug":"donde-comprar","status":"publish","type":"page","link":"https:\/\/datageneral.co\/es\/donde-comprar\/","title":{"rendered":"D\u00f3nde comprar"},"content":{"rendered":"<style>.elementor-10863 .elementor-element.elementor-element-2507511{--display:flex;--flex-direction:column;--container-widget-width:100%;--container-widget-height:initial;--container-widget-flex-grow:0;--container-widget-align-self:initial;--flex-wrap-mobile:wrap;--margin-top:20px;--margin-bottom:0px;--margin-left:0px;--margin-right:0px;}.elementor-10863 .elementor-element.elementor-element-44c7d50{text-align:center;}.elementor-10863 .elementor-element.elementor-element-33516c0{text-align:center;}.elementor-10863 .elementor-element.elementor-element-cf7cecf{--display:flex;--flex-direction:column;--container-widget-width:100%;--container-widget-height:initial;--container-widget-flex-grow:0;--container-widget-align-self:initial;--flex-wrap-mobile:wrap;}.elementor-10863 .elementor-element.elementor-element-e4fa941{--display:flex;--flex-direction:column;--container-widget-width:100%;--container-widget-height:initial;--container-widget-flex-grow:0;--container-widget-align-self:initial;--flex-wrap-mobile:wrap;--margin-top:20px;--margin-bottom:50px;--margin-left:0px;--margin-right:0px;}.elementor-10863 .elementor-element.elementor-element-15a0a01 .elementor-button{text-decoration:none;fill:var( --e-global-color-secondary );color:var( --e-global-color-secondary );background-color:var( --e-global-color-primary );border-style:none;}<\/style>\t\t<div data-elementor-type=\"wp-page\" data-elementor-id=\"10863\" class=\"elementor elementor-10863 elementor-10843\" data-elementor-post-type=\"page\">\n\t\t\t\t<div class=\"elementor-element elementor-element-2507511 e-flex e-con-boxed wpr-particle-no wpr-jarallax-no wpr-parallax-no wpr-sticky-section-no wpr-equal-height-no e-con e-parent\" data-id=\"2507511\" data-element_type=\"container\" data-e-type=\"container\">\n\t\t\t\t\t<div class=\"e-con-inner\">\n\t\t\t\t<div class=\"elementor-element elementor-element-44c7d50 elementor-widget elementor-widget-heading\" data-id=\"44c7d50\" data-element_type=\"widget\" data-e-type=\"widget\" data-widget_type=\"heading.default\">\n\t\t\t\t<div class=\"elementor-widget-container\">\n\t\t\t\t\t<h2 class=\"elementor-heading-title elementor-size-default\">D\u00f3nde comprar<\/h2>\t\t\t\t<\/div>\n\t\t\t\t<\/div>\n\t\t\t\t<div class=\"elementor-element elementor-element-33516c0 elementor-widget elementor-widget-heading\" data-id=\"33516c0\" data-element_type=\"widget\" data-e-type=\"widget\" data-widget_type=\"heading.default\">\n\t\t\t\t<div class=\"elementor-widget-container\">\n\t\t\t\t\t<h3 class=\"elementor-heading-title elementor-size-default\">Nuestras soluciones est\u00e1n disponibles a trav\u00e9s de socios autorizados<\/h3>\t\t\t\t<\/div>\n\t\t\t\t<\/div>\n\t\t\t\t<div class=\"elementor-element elementor-element-22c296a elementor-widget elementor-widget-text-editor\" data-id=\"22c296a\" data-element_type=\"widget\" data-e-type=\"widget\" data-widget_type=\"text-editor.default\">\n\t\t\t\t<div class=\"elementor-widget-container\">\n\t\t\t\t\t\t\t\t\t<p style=\"text-align: center;\" data-start=\"2455\" data-end=\"2687\">Los productos de Data General se distribuyen exclusivamente a trav\u00e9s de una red de <strong data-start=\"2526\" data-end=\"2579\">distribuidores autorizados y socios profesionales<\/strong>.<br data-start=\"2580\" data-end=\"2583\">Este enfoque garantiza un despliegue correcto, soporte t\u00e9cnico y fiabilidad a largo plazo para cada proyecto.<\/p><p style=\"text-align: center;\" data-start=\"2689\" data-end=\"2746\">Utiliza el mapa de abajo para encontrar un socio local en tu regi\u00f3n.<\/p>\t\t\t\t\t\t\t\t<\/div>\n\t\t\t\t<\/div>\n\t\t\t\t\t<\/div>\n\t\t\t\t<\/div>\n\t\t<div class=\"elementor-element elementor-element-cf7cecf e-flex e-con-boxed wpr-particle-no wpr-jarallax-no wpr-parallax-no wpr-sticky-section-no wpr-equal-height-no e-con e-parent\" data-id=\"cf7cecf\" data-element_type=\"container\" data-e-type=\"container\">\n\t\t\t\t\t<div class=\"e-con-inner\">\n\t\t\t\t<div class=\"elementor-element elementor-element-115ba62 elementor-widget elementor-widget-shortcode\" data-id=\"115ba62\" data-element_type=\"widget\" data-e-type=\"widget\" data-widget_type=\"shortcode.default\">\n\t\t\t\t<div class=\"elementor-widget-container\">\n\t\t\t\t\t\t\t<div class=\"elementor-shortcode\">\r\n\r\n<!--  Starting Simple Business Directory Plugin Output -->\n<\/div>\n\t\t\t\t\t\t<\/div>\n\t\t\t\t<\/div>\n\t\t\t\t\t<\/div>\n\t\t\t\t<\/div>\n\t\t<div class=\"elementor-element elementor-element-e4fa941 e-flex e-con-boxed wpr-particle-no wpr-jarallax-no wpr-parallax-no wpr-sticky-section-no wpr-equal-height-no e-con e-parent\" data-id=\"e4fa941\" data-element_type=\"container\" data-e-type=\"container\">\n\t\t\t\t\t<div class=\"e-con-inner\">\n\t\t\t\t<div class=\"elementor-element elementor-element-98e7350 elementor-widget elementor-widget-text-editor\" data-id=\"98e7350\" data-element_type=\"widget\" data-e-type=\"widget\" data-widget_type=\"text-editor.default\">\n\t\t\t\t<div class=\"elementor-widget-container\">\n\t\t\t\t\t\t\t\t\t<p style=\"text-align: center;\"><strong data-start=\"2778\" data-end=\"2832\">\u00bfBuscas una soluci\u00f3n espec\u00edfica o consejos para el proyecto?<\/strong><br data-start=\"2832\" data-end=\"2835\">Si no encuentras un distribuidor adecuado en tu zona, por favor cont\u00e1ctanos y nuestro equipo te asistir\u00e1.<\/p>\t\t\t\t\t\t\t\t<\/div>\n\t\t\t\t<\/div>\n\t\t\t\t<div class=\"elementor-element elementor-element-15a0a01 elementor-align-center elementor-widget elementor-widget-button\" data-id=\"15a0a01\" data-element_type=\"widget\" data-e-type=\"widget\" data-widget_type=\"button.default\">\n\t\t\t\t<div class=\"elementor-widget-container\">\n\t\t\t\t\t\t\t\t\t<div class=\"elementor-button-wrapper\">\n\t\t\t\t\t<a class=\"elementor-button elementor-button-link elementor-size-sm\" href=\"https:\/\/datageneral.co\/es\/contacto\/\">\n\t\t\t\t\t\t<span class=\"elementor-button-content-wrapper\">\n\t\t\t\t\t\t\t\t\t<span class=\"elementor-button-text\">Cont\u00e1ctenos<\/span>\n\t\t\t\t\t<\/span>\n\t\t\t\t\t<\/a>\n\t\t\t\t<\/div>\n\t\t\t\t\t\t\t\t<\/div>\n\t\t\t\t<\/div>\n\t\t\t\t\t<\/div>\n\t\t\t\t<\/div>\n\t\t\t\t<\/div>\n\t\t","protected":false},"excerpt":{"rendered":"<p>D\u00f3nde comprar Nuestras soluciones est\u00e1n disponibles a trav\u00e9s de socios autorizados Los productos de Data General se distribuyen exclusivamente a trav\u00e9s de una red de distribuidores autorizados y socios profesionales.Este enfoque garantiza un despliegue correcto, soporte t\u00e9cnico y fiabilidad a largo plazo para cada proyecto. Utiliza el mapa de abajo para encontrar un socio local en tu regi\u00f3n. \u00bfBuscas una soluci\u00f3n espec\u00edfica o consejos para el proyecto?Si no encuentras un distribuidor adecuado en tu zona, por favor cont\u00e1ctanos y nuestro equipo te asistir\u00e1. Cont\u00e1ctenos<\/p>\n","protected":false},"author":1,"featured_media":0,"parent":0,"menu_order":0,"comment_status":"closed","ping_status":"closed","template":"","meta":{"_acf_changed":false,"footnotes":""},"class_list":["post-10863","page","type-page","status-publish","hentry","_wholesalex wsx-wholesalex-product"],"acf":[],"_links":{"self":[{"href":"https:\/\/datageneral.co\/es\/wp-json\/wp\/v2\/pages\/10863","targetHints":{"allow":["GET"]}}],"collection":[{"href":"https:\/\/datageneral.co\/es\/wp-json\/wp\/v2\/pages"}],"about":[{"href":"https:\/\/datageneral.co\/es\/wp-json\/wp\/v2\/types\/page"}],"author":[{"embeddable":true,"href":"https:\/\/datageneral.co\/es\/wp-json\/wp\/v2\/users\/1"}],"replies":[{"embeddable":true,"href":"https:\/\/datageneral.co\/es\/wp-json\/wp\/v2\/comments?post=10863"}],"version-history":[{"count":1,"href":"https:\/\/datageneral.co\/es\/wp-json\/wp\/v2\/pages\/10863\/revisions"}],"predecessor-version":[{"id":10864,"href":"https:\/\/datageneral.co\/es\/wp-json\/wp\/v2\/pages\/10863\/revisions\/10864"}],"wp:attachment":[{"href":"https:\/\/datageneral.co\/es\/wp-json\/wp\/v2\/media?parent=10863"}],"curies":[{"name":"wp","href":"https:\/\/api.w.org\/{rel}","templated":true}]}}