{"id":10857,"date":"2026-01-19T10:35:53","date_gmt":"2026-01-19T09:35:53","guid":{"rendered":"https:\/\/datageneral.co\/partners\/"},"modified":"2026-01-19T23:51:48","modified_gmt":"2026-01-19T22:51:48","slug":"partners","status":"publish","type":"page","link":"https:\/\/datageneral.co\/es\/partners\/","title":{"rendered":"Partners"},"content":{"rendered":"<style>.elementor-10857 .elementor-element.elementor-element-b4ee6c1{--display:flex;--flex-direction:column;--container-widget-width:100%;--container-widget-height:initial;--container-widget-flex-grow:0;--container-widget-align-self:initial;--flex-wrap-mobile:wrap;}.elementor-10857 .elementor-element.elementor-element-b9a550d{text-align:center;}.elementor-10857 .elementor-element.elementor-element-b9a550d > .elementor-widget-container{margin:20px 0px 0px 0px;}.elementor-10857 .elementor-element.elementor-element-2f31923{font-family:\"Inter\", Sans-serif;font-size:16px;line-height:26px;}.elementor-10857 .elementor-element.elementor-element-b1b76a3{--display:flex;--flex-direction:row;--container-widget-width:initial;--container-widget-height:100%;--container-widget-flex-grow:1;--container-widget-align-self:stretch;--flex-wrap-mobile:wrap;--gap:0px 0px;--row-gap:0px;--column-gap:0px;}.elementor-10857 .elementor-element.elementor-element-d24f40e{--display:flex;--flex-direction:column;--container-widget-width:100%;--container-widget-height:initial;--container-widget-flex-grow:0;--container-widget-align-self:initial;--flex-wrap-mobile:wrap;}.elementor-10857 .elementor-element.elementor-element-5e4eaa0{font-family:\"Inter\", Sans-serif;font-size:16px;line-height:26px;}.elementor-10857 .elementor-element.elementor-element-fbd7a5d{--display:flex;--flex-direction:column;--container-widget-width:100%;--container-widget-height:initial;--container-widget-flex-grow:0;--container-widget-align-self:initial;--flex-wrap-mobile:wrap;}.elementor-10857 .elementor-element.elementor-element-83dc119{text-align:center;}.elementor-10857 .elementor-element.elementor-element-83dc119 > .elementor-widget-container{padding:12px 12px 12px 12px;}.elementor-10857 .elementor-element.elementor-element-bedeed7{--display:flex;--flex-direction:column;--container-widget-width:100%;--container-widget-height:initial;--container-widget-flex-grow:0;--container-widget-align-self:initial;--flex-wrap-mobile:wrap;}.elementor-10857 .elementor-element.elementor-element-71812ab{font-family:\"Inter\", Sans-serif;font-size:16px;font-weight:400;line-height:26px;}.elementor-10857 .elementor-element.elementor-element-a0776d0{--display:flex;--flex-direction:column;--container-widget-width:100%;--container-widget-height:initial;--container-widget-flex-grow:0;--container-widget-align-self:initial;--flex-wrap-mobile:wrap;--padding-top:30px;--padding-bottom:30px;--padding-left:30px;--padding-right:30px;}.elementor-10857 .elementor-element.elementor-element-764e6e6 .elementor-button{font-weight:600;text-decoration:none;fill:var( --e-global-color-secondary );color:var( --e-global-color-secondary );background-color:var( --e-global-color-primary );}@media(min-width:768px){.elementor-10857 .elementor-element.elementor-element-d24f40e{--width:50%;}.elementor-10857 .elementor-element.elementor-element-fbd7a5d{--width:50%;}}<\/style>\t\t<div data-elementor-type=\"wp-page\" data-elementor-id=\"10857\" class=\"elementor elementor-10857 elementor-10835\" data-elementor-post-type=\"page\">\n\t\t\t\t<div class=\"elementor-element elementor-element-b4ee6c1 e-flex e-con-boxed wpr-particle-no wpr-jarallax-no wpr-parallax-no wpr-sticky-section-no wpr-equal-height-no e-con e-parent\" data-id=\"b4ee6c1\" data-element_type=\"container\" data-e-type=\"container\">\n\t\t\t\t\t<div class=\"e-con-inner\">\n\t\t\t\t<div class=\"elementor-element elementor-element-b9a550d elementor-widget elementor-widget-heading\" data-id=\"b9a550d\" data-element_type=\"widget\" data-e-type=\"widget\" data-widget_type=\"heading.default\">\n\t\t\t\t<div class=\"elementor-widget-container\">\n\t\t\t\t\t<h2 class=\"elementor-heading-title elementor-size-default\">Convi\u00e9rtete en Partner<\/h2>\t\t\t\t<\/div>\n\t\t\t\t<\/div>\n\t\t\t\t<div class=\"elementor-element elementor-element-2f31923 elementor-widget elementor-widget-text-editor\" data-id=\"2f31923\" data-element_type=\"widget\" data-e-type=\"widget\" data-widget_type=\"text-editor.default\">\n\t\t\t\t<div class=\"elementor-widget-container\">\n\t\t\t\t\t\t\t\t\t<h3 data-start=\"1269\" data-end=\"1305\"><strong data-start=\"1272\" data-end=\"1305\">Convi\u00e9rtete en partner de Data General<\/strong><\/h3><p data-start=\"1307\" data-end=\"1400\">Construye soluciones profesionales de red con un portafolio tecnol\u00f3gico de confianza y enfocado en la empresa.<\/p><p data-start=\"1402\" data-end=\"1579\">DG Blackdice colabora exclusivamente con socios cualificados para ofrecer infraestructuras de red seguras, escalables y fiables en diferentes mercados y escenarios de despliegue.<\/p>\t\t\t\t\t\t\t\t<\/div>\n\t\t\t\t<\/div>\n\t\t\t\t\t<\/div>\n\t\t\t\t<\/div>\n\t\t<div class=\"elementor-element elementor-element-b1b76a3 e-flex e-con-boxed wpr-particle-no wpr-jarallax-no wpr-parallax-no wpr-sticky-section-no wpr-equal-height-no e-con e-parent\" data-id=\"b1b76a3\" data-element_type=\"container\" data-e-type=\"container\">\n\t\t\t\t\t<div class=\"e-con-inner\">\n\t\t<div class=\"elementor-element elementor-element-d24f40e e-con-full e-flex wpr-particle-no wpr-jarallax-no wpr-parallax-no wpr-sticky-section-no wpr-equal-height-no e-con e-child\" data-id=\"d24f40e\" data-element_type=\"container\" data-e-type=\"container\">\n\t\t\t\t<div class=\"elementor-element elementor-element-5e4eaa0 elementor-widget elementor-widget-text-editor\" data-id=\"5e4eaa0\" data-element_type=\"widget\" data-e-type=\"widget\" data-widget_type=\"text-editor.default\">\n\t\t\t\t<div class=\"elementor-widget-container\">\n\t\t\t\t\t\t\t\t\t<h3 data-start=\"1586\" data-end=\"1617\"><strong data-start=\"1589\" data-end=\"1617\">\u00bfPara qui\u00e9n es este programa?<\/strong><\/h3><p data-start=\"1619\" data-end=\"1747\">Nuestro programa de partners est\u00e1 dise\u00f1ado para profesionales implicados en el despliegue, integraci\u00f3n y distribuci\u00f3n de soluciones de red:<\/p><ul data-start=\"1749\" data-end=\"1860\"><li data-start=\"1749\" data-end=\"1771\"><p data-start=\"1751\" data-end=\"1771\">Instaladores de red<\/p><\/li><li data-start=\"1772\" data-end=\"1794\"><p data-start=\"1774\" data-end=\"1794\">Integradores de sistemas<\/p><\/li><li data-start=\"1795\" data-end=\"1823\"><p data-start=\"1797\" data-end=\"1823\">Distribuidores de TI y telecomunicaciones<\/p><\/li><li data-start=\"1824\" data-end=\"1860\"><p data-start=\"1826\" data-end=\"1860\">Proveedores de Servicios (MSP)<\/p><\/li><\/ul><p data-start=\"1862\" data-end=\"1977\">Si tu actividad implica dise\u00f1ar, desplegar o mantener redes profesionales, este programa est\u00e1 dise\u00f1ado para ti.<\/p><p data-start=\"1862\" data-end=\"1977\"> <\/p><h3 data-start=\"1984\" data-end=\"2004\"><strong data-start=\"1987\" data-end=\"2004\">Lo que ofrecemos<\/strong><\/h3><p data-start=\"2006\" data-end=\"2116\">Los socios acceden a un portafolio de redes dise\u00f1ado para entornos exigentes y casos de uso profesionales:<\/p><ul data-start=\"2118\" data-end=\"2398\"><li data-start=\"2118\" data-end=\"2189\"><p data-start=\"2120\" data-end=\"2189\">Puntos de acceso de nivel empresarial, gateways e infraestructura de red<\/p><\/li><li data-start=\"2190\" data-end=\"2228\"><p data-start=\"2192\" data-end=\"2228\">Gesti\u00f3n centralizada basada en la nube<\/p><\/li><li data-start=\"2229\" data-end=\"2275\"><p data-start=\"2231\" data-end=\"2275\">Seguridad integrada en toda la gama de productos<\/p><\/li><li data-start=\"2276\" data-end=\"2342\"><p data-start=\"2278\" data-end=\"2342\">Soluciones escalables para m\u00faltiples entornos y tama\u00f1os de proyecto<\/p><\/li><li data-start=\"2343\" data-end=\"2398\"><p data-start=\"2345\" data-end=\"2398\">Un enfoque de colaboraci\u00f3n a largo plazo impulsado por la tecnolog\u00eda<\/p><\/li><\/ul><p data-start=\"2400\" data-end=\"2487\">Nos centramos en <strong data-start=\"2412\" data-end=\"2464\">la fiabilidad, la consistencia y la coherencia t\u00e9cnica<\/strong>, no en las ventas a corto plazo.<\/p>\t\t\t\t\t\t\t\t<\/div>\n\t\t\t\t<\/div>\n\t\t\t\t<\/div>\n\t\t<div class=\"elementor-element elementor-element-fbd7a5d e-con-full e-flex wpr-particle-no wpr-jarallax-no wpr-parallax-no wpr-sticky-section-no wpr-equal-height-no e-con e-child\" data-id=\"fbd7a5d\" data-element_type=\"container\" data-e-type=\"container\">\n\t\t\t\t<div class=\"elementor-element elementor-element-83dc119 elementor-widget elementor-widget-image\" data-id=\"83dc119\" data-element_type=\"widget\" data-e-type=\"widget\" data-widget_type=\"image.default\">\n\t\t\t\t<div class=\"elementor-widget-container\">\n\t\t\t\t\t\t\t\t\t\t\t\t\t\t\t<img fetchpriority=\"high\" decoding=\"async\" width=\"800\" height=\"1024\" src=\"https:\/\/datageneral.co\/wp-content\/uploads\/2023\/10\/AdobeStock_595257960.png\" class=\"attachment-large size-large wp-image-10856\" alt=\"Integrador Data General\" srcset=\"https:\/\/datageneral.co\/wp-content\/uploads\/2023\/10\/AdobeStock_595257960.png 800w, https:\/\/datageneral.co\/wp-content\/uploads\/2023\/10\/AdobeStock_595257960-234x300.png 234w, https:\/\/datageneral.co\/wp-content\/uploads\/2023\/10\/AdobeStock_595257960-768x983.png 768w\" sizes=\"(max-width: 800px) 100vw, 800px\" title=\"\">\t\t\t\t\t\t\t\t\t\t\t\t\t\t\t<\/div>\n\t\t\t\t<\/div>\n\t\t\t\t<\/div>\n\t\t\t\t\t<\/div>\n\t\t\t\t<\/div>\n\t\t<div class=\"elementor-element elementor-element-bedeed7 e-flex e-con-boxed wpr-particle-no wpr-jarallax-no wpr-parallax-no wpr-sticky-section-no wpr-equal-height-no e-con e-parent\" data-id=\"bedeed7\" data-element_type=\"container\" data-e-type=\"container\">\n\t\t\t\t\t<div class=\"e-con-inner\">\n\t\t\t\t<div class=\"elementor-element elementor-element-71812ab elementor-widget elementor-widget-text-editor\" data-id=\"71812ab\" data-element_type=\"widget\" data-e-type=\"widget\" data-widget_type=\"text-editor.default\">\n\t\t\t\t<div class=\"elementor-widget-container\">\n\t\t\t\t\t\t\t\t\t<h3 data-start=\"2494\" data-end=\"2513\"><strong data-start=\"2497\" data-end=\"2513\">C\u00f3mo funciona<\/strong><\/h3><ol data-start=\"2515\" data-end=\"2654\"><li data-start=\"2515\" data-end=\"2551\"><p data-start=\"2518\" data-end=\"2551\">Env\u00eda tu solicitud de partner<\/p><\/li><li data-start=\"2552\" data-end=\"2586\"><p data-start=\"2555\" data-end=\"2586\">Nuestro equipo revisa tu solicitud<\/p><\/li><li data-start=\"2587\" data-end=\"2654\"><p data-start=\"2590\" data-end=\"2654\">Los partners aprobados acceden a recursos y herramientas dedicados<\/p><\/li><\/ol><p data-start=\"2656\" data-end=\"2751\">Cada solicitud se eval\u00faa individualmente para garantizar la alineaci\u00f3n con nuestro ecosistema profesional.<\/p><hr data-start=\"2753\" data-end=\"2756\"><h3 data-start=\"2758\" data-end=\"2790\"><strong data-start=\"2761\" data-end=\"2790\">Solicita ser partner<\/strong><\/h3><p data-start=\"2792\" data-end=\"2939\">Si est\u00e1s interesado en unirte a nuestra red de socios, haz clic en el siguiente enlace para acceder al formulario de inscripci\u00f3n.<\/p><p data-start=\"2792\" data-end=\"2939\">Nuestro equipo se pondr\u00e1 en contacto contigo despu\u00e9s de revisar tu solicitud.<\/p>\t\t\t\t\t\t\t\t<\/div>\n\t\t\t\t<\/div>\n\t\t\t\t\t<\/div>\n\t\t\t\t<\/div>\n\t\t<div class=\"elementor-element elementor-element-a0776d0 e-flex e-con-boxed wpr-particle-no wpr-jarallax-no wpr-parallax-no wpr-sticky-section-no wpr-equal-height-no e-con e-parent\" data-id=\"a0776d0\" data-element_type=\"container\" data-e-type=\"container\">\n\t\t\t\t\t<div class=\"e-con-inner\">\n\t\t\t\t<div class=\"elementor-element elementor-element-764e6e6 elementor-align-center elementor-widget elementor-widget-button\" data-id=\"764e6e6\" data-element_type=\"widget\" data-e-type=\"widget\" data-widget_type=\"button.default\">\n\t\t\t\t<div class=\"elementor-widget-container\">\n\t\t\t\t\t\t\t\t\t<div class=\"elementor-button-wrapper\">\n\t\t\t\t\t<a class=\"elementor-button elementor-button-link elementor-size-sm\" href=\"https:\/\/datageneral.co\/es\/iniciar-sesion\/\">\n\t\t\t\t\t\t<span class=\"elementor-button-content-wrapper\">\n\t\t\t\t\t\t\t\t\t<span class=\"elementor-button-text\">Haz clic para asociarte<\/span>\n\t\t\t\t\t<\/span>\n\t\t\t\t\t<\/a>\n\t\t\t\t<\/div>\n\t\t\t\t\t\t\t\t<\/div>\n\t\t\t\t<\/div>\n\t\t\t\t\t<\/div>\n\t\t\t\t<\/div>\n\t\t\t\t<\/div>\n\t\t","protected":false},"excerpt":{"rendered":"<p>Convi\u00e9rtete en Partner Convi\u00e9rtete en partner de Data General Construye soluciones profesionales de red con un portafolio tecnol\u00f3gico de confianza y enfocado en la empresa. DG Blackdice colabora exclusivamente con socios cualificados para ofrecer infraestructuras de red seguras, escalables y fiables en diferentes mercados y escenarios de despliegue. \u00bfPara qui\u00e9n es este programa? Nuestro programa de partners est\u00e1 dise\u00f1ado para profesionales implicados en el despliegue, integraci\u00f3n y distribuci\u00f3n de soluciones de red: Instaladores de red Integradores de sistemas Distribuidores de TI y telecomunicaciones Proveedores de Servicios (MSP) Si tu actividad implica dise\u00f1ar, desplegar o mantener redes profesionales, este programa est\u00e1 dise\u00f1ado para ti. Lo que ofrecemos Los socios acceden a un portafolio de redes dise\u00f1ado para entornos exigentes y casos de uso profesionales: Puntos de acceso de nivel empresarial, gateways e infraestructura de red Gesti\u00f3n centralizada basada en la nube Seguridad integrada en toda la gama de productos Soluciones escalables para m\u00faltiples entornos y tama\u00f1os de proyecto Un enfoque de colaboraci\u00f3n a largo plazo impulsado por la tecnolog\u00eda Nos centramos en la fiabilidad, la consistencia y la coherencia t\u00e9cnica, no en las ventas a corto plazo. C\u00f3mo funciona Env\u00eda tu solicitud de partner Nuestro equipo revisa tu solicitud Los partners aprobados acceden a recursos y herramientas dedicados Cada solicitud se eval\u00faa individualmente para garantizar la alineaci\u00f3n con nuestro ecosistema profesional. Solicita ser partner Si est\u00e1s interesado en unirte a nuestra red de socios, haz clic en el siguiente enlace para acceder al formulario de inscripci\u00f3n. Nuestro equipo se pondr\u00e1 en contacto contigo despu\u00e9s de revisar tu solicitud. Haz clic para asociarte<\/p>\n","protected":false},"author":1,"featured_media":0,"parent":0,"menu_order":0,"comment_status":"closed","ping_status":"closed","template":"","meta":{"_acf_changed":false,"footnotes":""},"class_list":["post-10857","page","type-page","status-publish","hentry","_wholesalex wsx-wholesalex-product"],"acf":[],"_links":{"self":[{"href":"https:\/\/datageneral.co\/es\/wp-json\/wp\/v2\/pages\/10857","targetHints":{"allow":["GET"]}}],"collection":[{"href":"https:\/\/datageneral.co\/es\/wp-json\/wp\/v2\/pages"}],"about":[{"href":"https:\/\/datageneral.co\/es\/wp-json\/wp\/v2\/types\/page"}],"author":[{"embeddable":true,"href":"https:\/\/datageneral.co\/es\/wp-json\/wp\/v2\/users\/1"}],"replies":[{"embeddable":true,"href":"https:\/\/datageneral.co\/es\/wp-json\/wp\/v2\/comments?post=10857"}],"version-history":[{"count":3,"href":"https:\/\/datageneral.co\/es\/wp-json\/wp\/v2\/pages\/10857\/revisions"}],"predecessor-version":[{"id":11046,"href":"https:\/\/datageneral.co\/es\/wp-json\/wp\/v2\/pages\/10857\/revisions\/11046"}],"wp:attachment":[{"href":"https:\/\/datageneral.co\/es\/wp-json\/wp\/v2\/media?parent=10857"}],"curies":[{"name":"wp","href":"https:\/\/api.w.org\/{rel}","templated":true}]}}