{"id":10630,"date":"2026-01-18T12:08:50","date_gmt":"2026-01-18T11:08:50","guid":{"rendered":"https:\/\/datageneral.co\/aviso-legal\/"},"modified":"2026-01-19T13:28:06","modified_gmt":"2026-01-19T12:28:06","slug":"aviso-legal","status":"publish","type":"page","link":"https:\/\/datageneral.co\/es\/aviso-legal\/","title":{"rendered":"Aviso legal"},"content":{"rendered":"<style>.elementor-10630 .elementor-element.elementor-element-91b148b{--display:flex;--flex-direction:column;--container-widget-width:100%;--container-widget-height:initial;--container-widget-flex-grow:0;--container-widget-align-self:initial;--flex-wrap-mobile:wrap;--margin-top:30px;--margin-bottom:50px;--margin-left:0px;--margin-right:0px;}<\/style>\t\t<div data-elementor-type=\"wp-page\" data-elementor-id=\"10630\" class=\"elementor elementor-10630 elementor-10615\" data-elementor-post-type=\"page\">\n\t\t\t\t<div class=\"elementor-element elementor-element-91b148b e-flex e-con-boxed wpr-particle-no wpr-jarallax-no wpr-parallax-no wpr-sticky-section-no wpr-equal-height-no e-con e-parent\" data-id=\"91b148b\" data-element_type=\"container\" data-e-type=\"container\">\n\t\t\t\t\t<div class=\"e-con-inner\">\n\t\t\t\t<div class=\"elementor-element elementor-element-89ce0b1 elementor-widget elementor-widget-heading\" data-id=\"89ce0b1\" data-element_type=\"widget\" data-e-type=\"widget\" data-widget_type=\"heading.default\">\n\t\t\t\t<div class=\"elementor-widget-container\">\n\t\t\t\t\t<h2 class=\"elementor-heading-title elementor-size-default\">Aviso legal<\/h2>\t\t\t\t<\/div>\n\t\t\t\t<\/div>\n\t\t\t\t<div class=\"elementor-element elementor-element-74da285 elementor-widget elementor-widget-text-editor\" data-id=\"74da285\" data-element_type=\"widget\" data-e-type=\"widget\" data-widget_type=\"text-editor.default\">\n\t\t\t\t<div class=\"elementor-widget-container\">\n\t\t\t\t\t\t\t\t\t<p data-start=\"1836\" data-end=\"1917\">De acuerdo con la normativa aplicable, se proporciona la siguiente informaci\u00f3n:<\/p><p data-start=\"1919\" data-end=\"1956\"><strong data-start=\"1919\" data-end=\"1937\">Propietario del sitio web:<\/strong><br data-start=\"1937\" data-end=\"1940\">Data General LLC<\/p><p data-start=\"1958\" data-end=\"2122\">Este sitio web se gestiona con el prop\u00f3sito de proporcionar informaci\u00f3n corporativa, t\u00e9cnica y comercial relacionada con soluciones profesionales de networking y conectividad.<\/p><p data-start=\"2124\" data-end=\"2278\">Data General LLC es una empresa independiente y <strong data-start=\"2171\" data-end=\"2243\">no est\u00e1 afiliada ni sucesora de Data General Corporation<\/strong>, el antiguo fabricante de ordenadores.<\/p><p data-start=\"2280\" data-end=\"2413\">Todo el contenido de este sitio web est\u00e1 protegido por leyes de propiedad intelectual. Est\u00e1 prohibido el uso, reproducci\u00f3n o distribuci\u00f3n no autorizados. <\/p><p data-start=\"2415\" data-end=\"2565\">Data General LLC no ser\u00e1 responsable por el uso indebido del sitio web ni por da\u00f1os derivados del acceso o uso de la informaci\u00f3n aqu\u00ed contenida.<\/p><p data-start=\"2567\" data-end=\"2696\">Este Aviso Legal estar\u00e1 regulado por la ley aplicable. Cualquier disputa estar\u00e1 sujeta a la jurisdicci\u00f3n de los tribunales competentes. <\/p>\t\t\t\t\t\t\t\t<\/div>\n\t\t\t\t<\/div>\n\t\t\t\t\t<\/div>\n\t\t\t\t<\/div>\n\t\t\t\t<\/div>\n\t\t","protected":false},"excerpt":{"rendered":"<p>Aviso legal De acuerdo con la normativa aplicable, se proporciona la siguiente informaci\u00f3n: Propietario del sitio web:Data General LLC Este sitio web se gestiona con el prop\u00f3sito de proporcionar informaci\u00f3n corporativa, t\u00e9cnica y comercial relacionada con soluciones profesionales de networking y conectividad. Data General LLC es una empresa independiente y no est\u00e1 afiliada ni sucesora de Data General Corporation, el antiguo fabricante de ordenadores. Todo el contenido de este sitio web est\u00e1 protegido por leyes de propiedad intelectual. Est\u00e1 prohibido el uso, reproducci\u00f3n o distribuci\u00f3n no autorizados. Data General LLC no ser\u00e1 responsable por el uso indebido del sitio web ni por da\u00f1os derivados del acceso o uso de la informaci\u00f3n aqu\u00ed contenida. Este Aviso Legal estar\u00e1 regulado por la ley aplicable. Cualquier disputa estar\u00e1 sujeta a la jurisdicci\u00f3n de los tribunales competentes.<\/p>\n","protected":false},"author":1,"featured_media":0,"parent":0,"menu_order":0,"comment_status":"closed","ping_status":"closed","template":"","meta":{"_acf_changed":false,"footnotes":""},"class_list":["post-10630","page","type-page","status-publish","hentry","_wholesalex wsx-wholesalex-product"],"acf":[],"_links":{"self":[{"href":"https:\/\/datageneral.co\/es\/wp-json\/wp\/v2\/pages\/10630","targetHints":{"allow":["GET"]}}],"collection":[{"href":"https:\/\/datageneral.co\/es\/wp-json\/wp\/v2\/pages"}],"about":[{"href":"https:\/\/datageneral.co\/es\/wp-json\/wp\/v2\/types\/page"}],"author":[{"embeddable":true,"href":"https:\/\/datageneral.co\/es\/wp-json\/wp\/v2\/users\/1"}],"replies":[{"embeddable":true,"href":"https:\/\/datageneral.co\/es\/wp-json\/wp\/v2\/comments?post=10630"}],"version-history":[{"count":1,"href":"https:\/\/datageneral.co\/es\/wp-json\/wp\/v2\/pages\/10630\/revisions"}],"predecessor-version":[{"id":10631,"href":"https:\/\/datageneral.co\/es\/wp-json\/wp\/v2\/pages\/10630\/revisions\/10631"}],"wp:attachment":[{"href":"https:\/\/datageneral.co\/es\/wp-json\/wp\/v2\/media?parent=10630"}],"curies":[{"name":"wp","href":"https:\/\/api.w.org\/{rel}","templated":true}]}}