{"id":10625,"date":"2023-11-06T07:01:19","date_gmt":"2023-11-06T06:01:19","guid":{"rendered":"https:\/\/datageneral.co\/contacto\/"},"modified":"2026-01-22T10:52:36","modified_gmt":"2026-01-22T09:52:36","slug":"contacto","status":"publish","type":"page","link":"https:\/\/datageneral.co\/es\/contacto\/","title":{"rendered":"Contacto"},"content":{"rendered":"<style>.elementor-10625 .elementor-element.elementor-element-c78c259{--display:flex;--flex-direction:column;--container-widget-width:100%;--container-widget-height:initial;--container-widget-flex-grow:0;--container-widget-align-self:initial;--flex-wrap-mobile:wrap;--margin-top:0px;--margin-bottom:0px;--margin-left:0px;--margin-right:0px;--padding-top:10px;--padding-bottom:20px;--padding-left:0px;--padding-right:0px;}.elementor-10625 .elementor-element.elementor-element-c78c259:not(.elementor-motion-effects-element-type-background), .elementor-10625 .elementor-element.elementor-element-c78c259 > .elementor-motion-effects-container > .elementor-motion-effects-layer{background-color:var( --e-global-color-290ce05 );}.elementor-10625 .elementor-element.elementor-element-d62a1d6{text-align:center;}.elementor-10625 .elementor-element.elementor-element-d62a1d6 .elementor-heading-title{font-family:\"Inter\", Sans-serif;font-size:30px;}.elementor-10625 .elementor-element.elementor-element-a29fb76{text-align:center;font-size:16px;font-weight:500;line-height:26px;}.elementor-10625 .elementor-element.elementor-element-7dca711{--display:flex;--flex-direction:column;--container-widget-width:100%;--container-widget-height:initial;--container-widget-flex-grow:0;--container-widget-align-self:initial;--flex-wrap-mobile:wrap;--margin-top:20px;--margin-bottom:20px;--margin-left:0px;--margin-right:0px;}.elementor-10625 .elementor-element.elementor-element-6c0cfc0 > .elementor-widget-container{margin:0px 10px 0px 10px;}.elementor-10625 .elementor-element.elementor-element-16b4c86{--display:flex;--flex-direction:column;--container-widget-width:100%;--container-widget-height:initial;--container-widget-flex-grow:0;--container-widget-align-self:initial;--flex-wrap-mobile:wrap;}.elementor-10625 .elementor-element.elementor-element-7bd7004{font-family:\"Inter\", Sans-serif;font-size:14px;font-style:italic;line-height:24px;color:var( --e-global-color-primary );}.elementor-10625 .elementor-element.elementor-element-8bf9d09{--display:flex;--flex-direction:column;--container-widget-width:100%;--container-widget-height:initial;--container-widget-flex-grow:0;--container-widget-align-self:initial;--flex-wrap-mobile:wrap;--margin-top:0px;--margin-bottom:30px;--margin-left:0px;--margin-right:0px;}.elementor-10625 .elementor-element.elementor-element-eb6381c{font-family:\"Inter\", Sans-serif;font-size:14px;font-style:italic;line-height:24px;color:var( --e-global-color-5ad834c );}:root{--page-title-display:none;}@media(min-width:768px){.elementor-10625 .elementor-element.elementor-element-c78c259{--content-width:1140px;}.elementor-10625 .elementor-element.elementor-element-7dca711{--content-width:1140px;}.elementor-10625 .elementor-element.elementor-element-16b4c86{--content-width:1140px;}.elementor-10625 .elementor-element.elementor-element-8bf9d09{--content-width:1140px;}}<\/style>\t\t<div data-elementor-type=\"wp-page\" data-elementor-id=\"10625\" class=\"elementor elementor-10625 elementor-3086\" data-elementor-post-type=\"page\">\n\t\t\t\t<div class=\"elementor-element elementor-element-c78c259 e-flex e-con-boxed wpr-particle-no wpr-jarallax-no wpr-parallax-no wpr-sticky-section-no wpr-equal-height-no e-con e-parent\" data-id=\"c78c259\" data-element_type=\"container\" data-e-type=\"container\" data-settings=\"{&quot;background_background&quot;:&quot;classic&quot;}\">\n\t\t\t\t\t<div class=\"e-con-inner\">\n\t\t\t\t<div class=\"elementor-element elementor-element-d62a1d6 elementor-widget elementor-widget-heading\" data-id=\"d62a1d6\" data-element_type=\"widget\" data-e-type=\"widget\" data-widget_type=\"heading.default\">\n\t\t\t\t<div class=\"elementor-widget-container\">\n\t\t\t\t\t<h2 class=\"elementor-heading-title elementor-size-default\">Contacta con nosotros<\/h2>\t\t\t\t<\/div>\n\t\t\t\t<\/div>\n\t\t\t\t<div class=\"elementor-element elementor-element-a29fb76 elementor-widget elementor-widget-text-editor\" data-id=\"a29fb76\" data-element_type=\"widget\" data-e-type=\"widget\" data-widget_type=\"text-editor.default\">\n\t\t\t\t<div class=\"elementor-widget-container\">\n\t\t\t\t\t\t\t\t\t<p data-start=\"1008\" data-end=\"1120\">Data General trabaja con socios profesionales, integradores y organizaciones con proyectos de red definidos.<\/p><p data-start=\"1127\" data-end=\"1217\">Si est\u00e1s evaluando una soluci\u00f3n o necesitas informaci\u00f3n t\u00e9cnica, estaremos encantados de ayudarte.<\/p>\t\t\t\t\t\t\t\t<\/div>\n\t\t\t\t<\/div>\n\t\t\t\t\t<\/div>\n\t\t\t\t<\/div>\n\t\t<div class=\"elementor-element elementor-element-7dca711 e-flex e-con-boxed wpr-particle-no wpr-jarallax-no wpr-parallax-no wpr-sticky-section-no wpr-equal-height-no e-con e-parent\" data-id=\"7dca711\" data-element_type=\"container\" data-e-type=\"container\">\n\t\t\t\t\t<div class=\"e-con-inner\">\n\t\t\t\t<div class=\"elementor-element elementor-element-6c0cfc0 elementor-widget elementor-widget-shortcode\" data-id=\"6c0cfc0\" data-element_type=\"widget\" data-e-type=\"widget\" data-widget_type=\"shortcode.default\">\n\t\t\t\t<div class=\"elementor-widget-container\">\n\t\t\t\t\t\t\t<div class=\"elementor-shortcode\"><form id=\"forminator-module-3953\" class=\"forminator-custom-form forminator-custom-form-3953\" method=\"post\" data-forminator-render=\"0\" data-uid=\"69dcebbf02017\"><div role=\"alert\" aria-live=\"polite\" class=\"forminator-response-message forminator-error\" aria-hidden=\"true\"><\/div><\/form><\/div>\n\t\t\t\t\t\t<\/div>\n\t\t\t\t<\/div>\n\t\t\t\t\t<\/div>\n\t\t\t\t<\/div>\n\t\t<div class=\"elementor-element elementor-element-16b4c86 e-flex e-con-boxed wpr-particle-no wpr-jarallax-no wpr-parallax-no wpr-sticky-section-no wpr-equal-height-no e-con e-parent\" data-id=\"16b4c86\" data-element_type=\"container\" data-e-type=\"container\">\n\t\t\t\t\t<div class=\"e-con-inner\">\n\t\t\t\t<div class=\"elementor-element elementor-element-7bd7004 elementor-widget elementor-widget-text-editor\" data-id=\"7bd7004\" data-element_type=\"widget\" data-e-type=\"widget\" data-widget_type=\"text-editor.default\">\n\t\t\t\t<div class=\"elementor-widget-container\">\n\t\t\t\t\t\t\t\t\t<p><span style=\"text-decoration: underline;\"><strong data-start=\"3341\" data-end=\"3362\">Aviso importante:<\/strong><\/span><\/p><p><strong>No respondemos a ofertas de venta no solicitadas, servicios de marketing ni propuestas gen\u00e9ricas de asociaciones.<\/strong><\/p>\t\t\t\t\t\t\t\t<\/div>\n\t\t\t\t<\/div>\n\t\t\t\t\t<\/div>\n\t\t\t\t<\/div>\n\t\t<div class=\"elementor-element elementor-element-8bf9d09 e-flex e-con-boxed wpr-particle-no wpr-jarallax-no wpr-parallax-no wpr-sticky-section-no wpr-equal-height-no e-con e-parent\" data-id=\"8bf9d09\" data-element_type=\"container\" data-e-type=\"container\">\n\t\t\t\t\t<div class=\"e-con-inner\">\n\t\t\t\t<div class=\"elementor-element elementor-element-eb6381c elementor-widget elementor-widget-text-editor\" data-id=\"eb6381c\" data-element_type=\"widget\" data-e-type=\"widget\" data-widget_type=\"text-editor.default\">\n\t\t\t\t<div class=\"elementor-widget-container\">\n\t\t\t\t\t\t\t\t\t<p data-start=\"1509\" data-end=\"1536\"><strong data-start=\"1509\" data-end=\"1536\">Aclaraci\u00f3n importante<\/strong><\/p><p data-start=\"1538\" data-end=\"1665\">Data General LLC es una empresa independiente y no est\u00e1 afiliada ni sucesora de la antigua Data General Corporation.<\/p><p data-start=\"1667\" data-end=\"1784\">No podemos ayudarte con el historial laboral, los planes de pensiones ni con ning\u00fan asunto heredado relacionado con esa antigua empresa.<\/p>\t\t\t\t\t\t\t\t<\/div>\n\t\t\t\t<\/div>\n\t\t\t\t\t<\/div>\n\t\t\t\t<\/div>\n\t\t\t\t<\/div>\n\t\t","protected":false},"excerpt":{"rendered":"<p>Contacta con nosotros Data General trabaja con socios profesionales, integradores y organizaciones con proyectos de red definidos. Si est\u00e1s evaluando una soluci\u00f3n o necesitas informaci\u00f3n t\u00e9cnica, estaremos encantados de ayudarte. Aviso importante: No respondemos a ofertas de venta no solicitadas, servicios de marketing ni propuestas gen\u00e9ricas de asociaciones. Aclaraci\u00f3n importante Data General LLC es una empresa independiente y no est\u00e1 afiliada ni sucesora de la antigua Data General Corporation. No podemos ayudarte con el historial laboral, los planes de pensiones ni con ning\u00fan asunto heredado relacionado con esa antigua empresa.<\/p>\n","protected":false},"author":1,"featured_media":10624,"parent":0,"menu_order":0,"comment_status":"closed","ping_status":"closed","template":"elementor_header_footer","meta":{"_acf_changed":false,"footnotes":""},"class_list":["post-10625","page","type-page","status-publish","has-post-thumbnail","hentry","_wholesalex wsx-wholesalex-product"],"acf":[],"_links":{"self":[{"href":"https:\/\/datageneral.co\/es\/wp-json\/wp\/v2\/pages\/10625","targetHints":{"allow":["GET"]}}],"collection":[{"href":"https:\/\/datageneral.co\/es\/wp-json\/wp\/v2\/pages"}],"about":[{"href":"https:\/\/datageneral.co\/es\/wp-json\/wp\/v2\/types\/page"}],"author":[{"embeddable":true,"href":"https:\/\/datageneral.co\/es\/wp-json\/wp\/v2\/users\/1"}],"replies":[{"embeddable":true,"href":"https:\/\/datageneral.co\/es\/wp-json\/wp\/v2\/comments?post=10625"}],"version-history":[{"count":7,"href":"https:\/\/datageneral.co\/es\/wp-json\/wp\/v2\/pages\/10625\/revisions"}],"predecessor-version":[{"id":11107,"href":"https:\/\/datageneral.co\/es\/wp-json\/wp\/v2\/pages\/10625\/revisions\/11107"}],"wp:featuredmedia":[{"embeddable":true,"href":"https:\/\/datageneral.co\/es\/wp-json\/wp\/v2\/media\/10624"}],"wp:attachment":[{"href":"https:\/\/datageneral.co\/es\/wp-json\/wp\/v2\/media?parent=10625"}],"curies":[{"name":"wp","href":"https:\/\/api.w.org\/{rel}","templated":true}]}}